{"id":1434,"date":"2020-04-08T06:39:45","date_gmt":"2020-04-08T06:39:45","guid":{"rendered":"http:\/\/silver.stillbild.se\/?page_id=1434"},"modified":"2025-12-05T09:37:28","modified_gmt":"2025-12-05T09:37:28","slug":"radars-vra","status":"publish","type":"page","link":"https:\/\/silver.stillbild.se\/?page_id=1434","title":{"rendered":"Radars Rullar har en egen vr\u00e5 &#8230;"},"content":{"rendered":"\n<p>&#8230; Radar har l\u00e5nat en liten vr\u00e5 till sina rullar och halsband h\u00e4r, allt f\u00f6r att det ska vara enklare f\u00f6r er att hitta mer information och sortiment. Snabbaste v\u00e4gen \u00e4r <a href=\"http:\/\/www.radarsrullar.se\"><strong>www.radarsrullar.se<\/strong><\/a><\/p>\n\n\n\n<p><strong>S\u00e5 blev det lite r\u00f6rigt!<\/strong> Sidan \u00e4r under uppdatering och en justering av priser fr\u00e5n och med 1\/10 2025. <strong>Sortimentet \u00e4r som tidigare och saknar du n\u00e5got &#8211; fr\u00e5ga!<\/strong><\/p>\n\n\n\n<p><strong>Vill du g\u00f6ra en best\u00e4llning?<\/strong> V\u00e4lkommen med ett mejl till <strong><a href=\"mailto:radar@stillbild.se\">radar@stillbild.se<\/a><\/strong> Det tillkommer frakt med 65:- f\u00f6r varje best\u00e4llning. <\/p>\n\n\n\n<p>Har du n\u00e5gra fr\u00e5gor och funderingar &#8211; V\u00e4lkommen med ett mejl till <strong><a href=\"mailto:radar@stillbild.se\">radar@stillbild.se<\/a><\/strong><\/p>\n\n\n\n<h1 class=\"wp-block-heading\">Radars Rullar f\u00f6r s\u00f6khunden<\/h1>\n\n\n\n<p>Radars S\u00f6krulle, en traditionell fastrulle \u00e4ven kallad svenskrulle. Rullen \u00e4r sydd i ett kraftigt textilt material och som standard fast stoppad. Ungef\u00e4rlig bredd p\u00e5 kroppen 4 cm och fungerar fint till de flesta hundar. F\u00e4rgprov hittar du l\u00e4ngre ner p\u00e5 sidan. Radars Markeringsrulle \u00e4r sydd i samma material och utf\u00f6rande, som standard fast stoppad.<\/p>\n\n\n\n<div class=\"wp-block-group\"><div class=\"wp-block-group__inner-container is-layout-constrained wp-block-group-is-layout-constrained\">\n<figure class=\"wp-block-gallery has-nested-images columns-default is-cropped wp-block-gallery-1 is-layout-flex wp-block-gallery-is-layout-flex\">\n<figure class=\"wp-block-image size-large\"><img loading=\"lazy\" decoding=\"async\" width=\"640\" height=\"480\" data-id=\"1720\" src=\"https:\/\/silver.stillbild.se\/wp-content\/uploads\/2025\/09\/IMG_2536.jpg\" alt=\"\" class=\"wp-image-1720\" srcset=\"https:\/\/silver.stillbild.se\/wp-content\/uploads\/2025\/09\/IMG_2536.jpg 640w, https:\/\/silver.stillbild.se\/wp-content\/uploads\/2025\/09\/IMG_2536-300x225.jpg 300w, https:\/\/silver.stillbild.se\/wp-content\/uploads\/2025\/09\/IMG_2536-400x300.jpg 400w\" sizes=\"auto, (max-width: 640px) 100vw, 640px\" \/><figcaption class=\"wp-element-caption\">Radars S\u00f6krulle<\/figcaption><\/figure>\n\n\n\n<figure class=\"wp-block-image size-large\"><img loading=\"lazy\" decoding=\"async\" width=\"640\" height=\"482\" data-id=\"1724\" src=\"https:\/\/silver.stillbild.se\/wp-content\/uploads\/2025\/10\/IMG_2628.jpg\" alt=\"\" class=\"wp-image-1724\" srcset=\"https:\/\/silver.stillbild.se\/wp-content\/uploads\/2025\/10\/IMG_2628.jpg 640w, https:\/\/silver.stillbild.se\/wp-content\/uploads\/2025\/10\/IMG_2628-300x226.jpg 300w, https:\/\/silver.stillbild.se\/wp-content\/uploads\/2025\/10\/IMG_2628-398x300.jpg 398w\" sizes=\"auto, (max-width: 640px) 100vw, 640px\" \/><figcaption class=\"wp-element-caption\">Radars Markeringsrulle<\/figcaption><\/figure>\n<\/figure>\n<\/div><\/div>\n\n\n\n<ul class=\"wp-block-list\">\n<li>Radars S\u00f6krulle 8 &#8211; 10 cm, 150:-<\/li>\n\n\n\n<li>Radars S\u00f6krulle 12 &#8211; 14 cm, 170:-<\/li>\n\n\n\n<li>Radars Markeringsrulle, ca 18 cm, 135:-<\/li>\n<\/ul>\n\n\n<div class=\"wp-block-image\">\n<figure class=\"aligncenter size-full\"><img loading=\"lazy\" decoding=\"async\" width=\"640\" height=\"480\" src=\"https:\/\/silver.stillbild.se\/wp-content\/uploads\/2024\/01\/IMG_9753.jpg\" alt=\"\" class=\"wp-image-1675\" srcset=\"https:\/\/silver.stillbild.se\/wp-content\/uploads\/2024\/01\/IMG_9753.jpg 640w, https:\/\/silver.stillbild.se\/wp-content\/uploads\/2024\/01\/IMG_9753-300x225.jpg 300w, https:\/\/silver.stillbild.se\/wp-content\/uploads\/2024\/01\/IMG_9753-400x300.jpg 400w\" sizes=\"auto, (max-width: 640px) 100vw, 640px\" \/><\/figure><\/div>\n\n\n<p>\u00c4ntligen har det h\u00e4nt n\u00e5got nytt! Rullarna har f\u00e5tt s\u00e4llskap av n\u00e5gra handsydda modeller i skinn! <strong>Radars Retrorulle<\/strong> en s\u00f6krulle i skinn, inspirerad av \u00e4ldre s\u00f6krullar. Den \u00e4r lite mjukare \u00e4n Radars S\u00f6krulle som finns i sortimentet sedan tidigare. R\u00f6tt och vitt \u00e4r standardf\u00e4rgerna men andra kan f\u00f6rekomma.  Det finns m\u00f6jlighet till justering av bandl\u00e4ngd. Skinnet \u00e4r spill fr\u00e5n svensk m\u00f6belindustri och \u00e4r i f\u00f6rsta hand kraftig n\u00f6thud.<\/p>\n\n\n\n<ul class=\"wp-block-list\">\n<li>Radars Retrorulle, upp till 10 cm kropp,  Pris 240:-<\/li>\n<\/ul>\n\n\n\n<ul class=\"wp-block-list\">\n<li>Radars Retrorulle, \u00f6ver 10 cm kropp, Pris 280:-<\/li>\n<\/ul>\n\n\n\n<h2 class=\"wp-block-heading\">Radars Smack och Smack2<\/h2>\n\n\n\n<p>En rulle kombinerad med ett kampskinn.<\/p>\n\n\n\n<p>Radars Smack, rullen\/kroppen ca &#8230;. cm plus skinnfl\u00e4rpen, 290:-<\/p>\n\n\n\n<p>Radars Smack2, rullen\/kroppen ca 8 cm plus skinnfl\u00e4rpen, 270:-<\/p>\n\n\n\n<figure class=\"wp-block-gallery has-nested-images columns-default is-cropped wp-block-gallery-2 is-layout-flex wp-block-gallery-is-layout-flex\">\n<figure class=\"wp-block-image size-large\"><img loading=\"lazy\" decoding=\"async\" width=\"240\" height=\"320\" data-id=\"1731\" src=\"https:\/\/silver.stillbild.se\/wp-content\/uploads\/2025\/11\/IMG_1675.jpg\" alt=\"\" class=\"wp-image-1731\" srcset=\"https:\/\/silver.stillbild.se\/wp-content\/uploads\/2025\/11\/IMG_1675.jpg 240w, https:\/\/silver.stillbild.se\/wp-content\/uploads\/2025\/11\/IMG_1675-225x300.jpg 225w\" sizes=\"auto, (max-width: 240px) 100vw, 240px\" \/><figcaption class=\"wp-element-caption\">Radars Smack<\/figcaption><\/figure>\n\n\n\n<figure class=\"wp-block-image size-large\"><img loading=\"lazy\" decoding=\"async\" width=\"240\" height=\"320\" data-id=\"1733\" src=\"https:\/\/silver.stillbild.se\/wp-content\/uploads\/2025\/11\/IMG_1705.jpg\" alt=\"\" class=\"wp-image-1733\" srcset=\"https:\/\/silver.stillbild.se\/wp-content\/uploads\/2025\/11\/IMG_1705.jpg 240w, https:\/\/silver.stillbild.se\/wp-content\/uploads\/2025\/11\/IMG_1705-225x300.jpg 225w\" sizes=\"auto, (max-width: 240px) 100vw, 240px\" \/><\/figure>\n\n\n\n<figure class=\"wp-block-image size-large\"><img loading=\"lazy\" decoding=\"async\" width=\"240\" height=\"320\" data-id=\"1730\" src=\"https:\/\/silver.stillbild.se\/wp-content\/uploads\/2025\/11\/IMG_1677-rotated.jpg\" alt=\"\" class=\"wp-image-1730\" srcset=\"https:\/\/silver.stillbild.se\/wp-content\/uploads\/2025\/11\/IMG_1677-rotated.jpg 240w, https:\/\/silver.stillbild.se\/wp-content\/uploads\/2025\/11\/IMG_1677-225x300.jpg 225w\" sizes=\"auto, (max-width: 240px) 100vw, 240px\" \/><figcaption class=\"wp-element-caption\">Radars Smack2<\/figcaption><\/figure>\n<\/figure>\n\n\n\n<h2 class=\"wp-block-heading\">Radars Kamprulle, en l\u00e4ttare variant i skinn<\/h2>\n\n\n\n<p>Radars Kamprulle 30 cm plus handtag, bredd upp till 5 cm, 320:-<\/p>\n\n\n\n<p>Alla s\u00f6mmar handsydda till\u00e4gg 150:-<\/p>\n\n\n\n<figure class=\"wp-block-gallery has-nested-images columns-default is-cropped wp-block-gallery-3 is-layout-flex wp-block-gallery-is-layout-flex\">\n<figure class=\"wp-block-image size-large\"><img loading=\"lazy\" decoding=\"async\" width=\"240\" height=\"320\" data-id=\"1737\" src=\"https:\/\/silver.stillbild.se\/wp-content\/uploads\/2025\/11\/IMG_1589-1.jpg\" alt=\"\" class=\"wp-image-1737\" srcset=\"https:\/\/silver.stillbild.se\/wp-content\/uploads\/2025\/11\/IMG_1589-1.jpg 240w, https:\/\/silver.stillbild.se\/wp-content\/uploads\/2025\/11\/IMG_1589-1-225x300.jpg 225w\" sizes=\"auto, (max-width: 240px) 100vw, 240px\" \/><\/figure>\n\n\n\n<figure class=\"wp-block-image size-large\"><img loading=\"lazy\" decoding=\"async\" width=\"320\" height=\"240\" data-id=\"1739\" src=\"https:\/\/silver.stillbild.se\/wp-content\/uploads\/2025\/11\/IMG_1625-1.jpg\" alt=\"\" class=\"wp-image-1739\" srcset=\"https:\/\/silver.stillbild.se\/wp-content\/uploads\/2025\/11\/IMG_1625-1.jpg 320w, https:\/\/silver.stillbild.se\/wp-content\/uploads\/2025\/11\/IMG_1625-1-300x225.jpg 300w\" sizes=\"auto, (max-width: 320px) 100vw, 320px\" \/><figcaption class=\"wp-element-caption\">Radars Kamprulle i skinn<\/figcaption><\/figure>\n\n\n\n<figure class=\"wp-block-image size-large\"><img loading=\"lazy\" decoding=\"async\" width=\"240\" height=\"320\" data-id=\"1738\" src=\"https:\/\/silver.stillbild.se\/wp-content\/uploads\/2025\/11\/IMG_1607.jpg\" alt=\"\" class=\"wp-image-1738\" srcset=\"https:\/\/silver.stillbild.se\/wp-content\/uploads\/2025\/11\/IMG_1607.jpg 240w, https:\/\/silver.stillbild.se\/wp-content\/uploads\/2025\/11\/IMG_1607-225x300.jpg 225w\" sizes=\"auto, (max-width: 240px) 100vw, 240px\" \/><\/figure>\n<\/figure>\n\n\n\n<h2 class=\"wp-block-heading\">Radars Macka, i tv\u00e5 storlekar<\/h2>\n\n\n\n<figure class=\"wp-block-image size-full\"><img loading=\"lazy\" decoding=\"async\" width=\"640\" height=\"296\" src=\"https:\/\/silver.stillbild.se\/wp-content\/uploads\/2024\/01\/IMG_0030.jpg\" alt=\"\" class=\"wp-image-1683\" srcset=\"https:\/\/silver.stillbild.se\/wp-content\/uploads\/2024\/01\/IMG_0030.jpg 640w, https:\/\/silver.stillbild.se\/wp-content\/uploads\/2024\/01\/IMG_0030-300x139.jpg 300w, https:\/\/silver.stillbild.se\/wp-content\/uploads\/2024\/01\/IMG_0030-500x231.jpg 500w\" sizes=\"auto, (max-width: 640px) 100vw, 640px\" \/><\/figure>\n\n\n\n<p><strong>Radars Macka<\/strong>, handsydd i ett t\u00e5ligt skinn med ett band ca 60 cm. H\u00f6jd p\u00e5 Mackan ca 10 cm. En bel\u00f6nings- och kampleksak. <strong>Pris 260:-<\/strong><\/p>\n\n\n\n<figure class=\"wp-block-image size-full\"><img loading=\"lazy\" decoding=\"async\" width=\"640\" height=\"512\" src=\"https:\/\/silver.stillbild.se\/wp-content\/uploads\/2024\/01\/IMG_0028.jpg\" alt=\"\" class=\"wp-image-1685\" srcset=\"https:\/\/silver.stillbild.se\/wp-content\/uploads\/2024\/01\/IMG_0028.jpg 640w, https:\/\/silver.stillbild.se\/wp-content\/uploads\/2024\/01\/IMG_0028-300x240.jpg 300w, https:\/\/silver.stillbild.se\/wp-content\/uploads\/2024\/01\/IMG_0028-375x300.jpg 375w\" sizes=\"auto, (max-width: 640px) 100vw, 640px\" \/><\/figure>\n\n\n\n<p><strong>Radars MiniMacka<\/strong>, handsydd \u00e4ven den i t\u00e5ligt skinn, h\u00f6jd p\u00e5 MiniMackan ca 7 cm. Perfekt att h\u00e5lla dold i handen f\u00f6r att kunna droppa som bel\u00f6ning d\u00e4r man till exempel inte vill att den studsar iv\u00e4g som en boll. <strong>Pris 180:-<\/strong><\/p>\n\n\n<div class=\"wp-block-image\">\n<figure class=\"aligncenter size-full is-resized\"><img loading=\"lazy\" decoding=\"async\" width=\"564\" height=\"640\" src=\"https:\/\/silver.stillbild.se\/wp-content\/uploads\/2024\/01\/IMG_0040.jpg\" alt=\"\" class=\"wp-image-1692\" style=\"width:614px;height:auto\" srcset=\"https:\/\/silver.stillbild.se\/wp-content\/uploads\/2024\/01\/IMG_0040.jpg 564w, https:\/\/silver.stillbild.se\/wp-content\/uploads\/2024\/01\/IMG_0040-264x300.jpg 264w\" sizes=\"auto, (max-width: 564px) 100vw, 564px\" \/><\/figure><\/div>\n\n\n<p><strong>Radars Skinnrulle<\/strong>, enke, en handsydd skinnrulle f\u00f6r kamplek, f\u00f6rst\u00e4rkt och v\u00e4lstoppad. Liksom Radars serie Kax t\u00e5l den tuffa tag. L\u00e4ngden p\u00e5 rullen \u00e4r ca 15 cm plus handtag.<strong> Pris 290:-<\/strong><\/p>\n\n\n\n<p><strong>Radars Halsband<\/strong><\/p>\n\n\n\n<figure class=\"wp-block-gallery has-nested-images columns-default is-cropped wp-block-gallery-4 is-layout-flex wp-block-gallery-is-layout-flex\">\n<figure class=\"wp-block-image size-large\"><img loading=\"lazy\" decoding=\"async\" width=\"640\" height=\"480\" data-id=\"1580\" src=\"https:\/\/silver.stillbild.se\/wp-content\/uploads\/2021\/07\/IMG_2388.jpg\" alt=\"\" class=\"wp-image-1580\" srcset=\"https:\/\/silver.stillbild.se\/wp-content\/uploads\/2021\/07\/IMG_2388.jpg 640w, https:\/\/silver.stillbild.se\/wp-content\/uploads\/2021\/07\/IMG_2388-300x225.jpg 300w, https:\/\/silver.stillbild.se\/wp-content\/uploads\/2021\/07\/IMG_2388-400x300.jpg 400w\" sizes=\"auto, (max-width: 640px) 100vw, 640px\" \/><\/figure>\n\n\n\n<figure class=\"wp-block-image size-large\"><img loading=\"lazy\" decoding=\"async\" width=\"640\" height=\"514\" data-id=\"1589\" src=\"https:\/\/silver.stillbild.se\/wp-content\/uploads\/2021\/09\/IMG_2560.jpg\" alt=\"\" class=\"wp-image-1589\" srcset=\"https:\/\/silver.stillbild.se\/wp-content\/uploads\/2021\/09\/IMG_2560.jpg 640w, https:\/\/silver.stillbild.se\/wp-content\/uploads\/2021\/09\/IMG_2560-300x241.jpg 300w, https:\/\/silver.stillbild.se\/wp-content\/uploads\/2021\/09\/IMG_2560-374x300.jpg 374w\" sizes=\"auto, (max-width: 640px) 100vw, 640px\" \/><\/figure>\n<\/figure>\n\n\n\n<div class=\"wp-block-media-text alignwide has-media-on-the-right is-stacked-on-mobile\"><div class=\"wp-block-media-text__content\">\n<figure class=\"wp-block-pullquote\"><blockquote><p>En hint om lyskraften  hos reflexen.<\/p><\/blockquote><\/figure>\n<\/div><figure class=\"wp-block-media-text__media\"><img loading=\"lazy\" decoding=\"async\" width=\"640\" height=\"428\" src=\"https:\/\/silver.stillbild.se\/wp-content\/uploads\/2021\/09\/IMG_0038.jpg\" alt=\"\" class=\"wp-image-1601 size-full\" srcset=\"https:\/\/silver.stillbild.se\/wp-content\/uploads\/2021\/09\/IMG_0038.jpg 640w, https:\/\/silver.stillbild.se\/wp-content\/uploads\/2021\/09\/IMG_0038-300x201.jpg 300w, https:\/\/silver.stillbild.se\/wp-content\/uploads\/2021\/09\/IMG_0038-449x300.jpg 449w\" sizes=\"auto, (max-width: 640px) 100vw, 640px\" \/><\/figure><\/div>\n\n\n\n<p>Radars Halsband, ett stadigt halvstryp cirka 4 cm brett som grundmodell. mjuk utsida med en stadig k\u00e4rna g\u00f6r att halsbandet fj\u00e4drar tillbaka n\u00e4r kopplet sl\u00e4pper efter. <\/p>\n\n\n\n<p>Reflexhalsbandet \u00e4r sytt p\u00e5 samma s\u00e4tt som halsbandet, med en bredd p\u00e5 ca 3 cm f\u00f6rsett med en reflexrand. B\u00e5da halsbanden \u00e4r tv\u00e4ttbara i maskin 40 grader.<\/p>\n\n\n\n<p>Jag syr halsbanden endast p\u00e5 best\u00e4llning f\u00f6r r\u00e4tt storlek och funktion. M\u00e5ttet jag utg\u00e5r ifr\u00e5n \u00e4r kroppsm\u00e5ttet runt hundens hals. Alla metalldelar \u00e4r i ren m\u00e4ssing och nickelfritt. Vi behov kan m\u00e4ssing ers\u00e4ttas av nylondetaljer.<\/p>\n\n\n\n<p>F\u00f6r att best\u00e4lla: M\u00e4t halsen p\u00e5 din hund, sl\u00e4tt mot halsen utan fingrar emellan. Komplettera med m\u00e5ttet under hundens haka och upp \u00f6ver hj\u00e4ssan. V\u00e4lj den \/ de f\u00e4rger du vill ha fr\u00e5n f\u00e4rgkartan h\u00e4r p\u00e5 sidan. Skicka ett mejl till <a href=\"mailto:radar@stillbild.se\">radar@stillbild.se<\/a> Normal leveranstid \u00e4r inom tv\u00e5 veckor efter fullf\u00f6ljd best\u00e4llning.<\/p>\n\n\n\n<div class=\"wp-block-columns is-layout-flex wp-container-core-columns-is-layout-9d6595d7 wp-block-columns-is-layout-flex\">\n<div class=\"wp-block-column is-layout-flow wp-block-column-is-layout-flow\">\n<p><strong>Halsband pris<\/strong><\/p>\n\n\n\n<p>Halsm\u00e5tt upp till 40 cm, 420:-<\/p>\n\n\n\n<p>Halsm\u00e5tt 41 \u2013 45 cm, 450:-<\/p>\n\n\n\n<p>Halsm\u00e5tt 46 \u2013 50 cm, 490:-<\/p>\n\n\n\n<p><\/p>\n\n\n\n<p>F\u00f6r halsm\u00e5tt \u00f6ver 50 cm, beg\u00e4r prisuppgift. Tillkommer frakt med 55:-<\/p>\n<\/div>\n\n\n\n<div class=\"wp-block-column is-layout-flow wp-block-column-is-layout-flow\">\n<p><strong>Reflexhalsband pris<\/strong><\/p>\n\n\n\n<p>Halsm\u00e5tt upp till 35 cm, 300:-<\/p>\n\n\n\n<p>Halsm\u00e5tt 36 &#8211; 40 cm, 340:-<\/p>\n\n\n\n<p>Halsm\u00e5tt 41 &#8211; 45 cm, 380:-<\/p>\n\n\n\n<p>Halsm\u00e5tt 46 &#8211; 50 cm, 420:-<\/p>\n<\/div>\n<\/div>\n\n\n\n<h2 class=\"wp-block-heading\">Sm\u00e5 rullar,specialmodeller<\/h2>\n\n\n\n<div class=\"wp-block-group\"><div class=\"wp-block-group__inner-container is-layout-flow wp-block-group-is-layout-flow\">\n<figure class=\"wp-block-gallery has-nested-images columns-3 is-cropped wp-block-gallery-5 is-layout-flex wp-block-gallery-is-layout-flex\">\n<figure class=\"wp-block-image size-large\"><img loading=\"lazy\" decoding=\"async\" width=\"514\" height=\"640\" data-id=\"1555\" src=\"https:\/\/silver.stillbild.se\/wp-content\/uploads\/2021\/05\/IMG_1837.jpg\" alt=\"\" class=\"wp-image-1555\" srcset=\"https:\/\/silver.stillbild.se\/wp-content\/uploads\/2021\/05\/IMG_1837.jpg 514w, https:\/\/silver.stillbild.se\/wp-content\/uploads\/2021\/05\/IMG_1837-241x300.jpg 241w\" sizes=\"auto, (max-width: 514px) 100vw, 514px\" \/><figcaption class=\"wp-element-caption\">Radars Trick<\/figcaption><\/figure>\n\n\n\n<figure class=\"wp-block-image size-large\"><img loading=\"lazy\" decoding=\"async\" width=\"514\" height=\"640\" data-id=\"1556\" src=\"https:\/\/silver.stillbild.se\/wp-content\/uploads\/2021\/05\/IMG_1840.jpg\" alt=\"\" class=\"wp-image-1556\" srcset=\"https:\/\/silver.stillbild.se\/wp-content\/uploads\/2021\/05\/IMG_1840.jpg 514w, https:\/\/silver.stillbild.se\/wp-content\/uploads\/2021\/05\/IMG_1840-241x300.jpg 241w\" sizes=\"auto, (max-width: 514px) 100vw, 514px\" \/><\/figure>\n\n\n\n<figure class=\"wp-block-image size-large\"><img loading=\"lazy\" decoding=\"async\" width=\"514\" height=\"640\" data-id=\"1566\" src=\"https:\/\/silver.stillbild.se\/wp-content\/uploads\/2021\/05\/IMG_1952_mikro-1.jpg\" alt=\"\" class=\"wp-image-1566\" srcset=\"https:\/\/silver.stillbild.se\/wp-content\/uploads\/2021\/05\/IMG_1952_mikro-1.jpg 514w, https:\/\/silver.stillbild.se\/wp-content\/uploads\/2021\/05\/IMG_1952_mikro-1-241x300.jpg 241w\" sizes=\"auto, (max-width: 514px) 100vw, 514px\" \/><figcaption class=\"wp-element-caption\">Radars Mikro<\/figcaption><\/figure>\n<\/figure>\n\n\n\n<p><strong>Flerf\u00e4rgade rullar <\/strong><\/p>\n\n\n\n<div class=\"wp-block-columns is-layout-flex wp-container-core-columns-is-layout-9d6595d7 wp-block-columns-is-layout-flex\">\n<div class=\"wp-block-column is-layout-flow wp-block-column-is-layout-flow\" style=\"flex-basis:100%\">\n<div class=\"wp-block-columns is-layout-flex wp-container-core-columns-is-layout-9d6595d7 wp-block-columns-is-layout-flex\">\n<div class=\"wp-block-column is-layout-flow wp-block-column-is-layout-flow\" style=\"flex-basis:100%\">\n<div class=\"wp-block-columns is-layout-flex wp-container-core-columns-is-layout-9d6595d7 wp-block-columns-is-layout-flex\">\n<div class=\"wp-block-column is-layout-flow wp-block-column-is-layout-flow\" style=\"flex-basis:100%\">\n<div class=\"wp-block-columns is-layout-flex wp-container-core-columns-is-layout-9d6595d7 wp-block-columns-is-layout-flex\">\n<div class=\"wp-block-column is-layout-flow wp-block-column-is-layout-flow\" style=\"flex-basis:100%\">\n<figure class=\"wp-block-gallery has-nested-images columns-default is-cropped wp-block-gallery-6 is-layout-flex wp-block-gallery-is-layout-flex\"><\/figure>\n<\/div>\n<\/div>\n<\/div>\n<\/div>\n<\/div>\n<\/div>\n<\/div>\n<\/div>\n<\/div><\/div>\n\n\n\n<p><strong>Radars KAX, rullar f\u00f6r lite tuffare tag.<\/strong><\/p>\n\n\n\n<figure class=\"wp-block-gallery has-nested-images columns-default is-cropped wp-block-gallery-7 is-layout-flex wp-block-gallery-is-layout-flex\"><\/figure>\n\n\n\n<h2 class=\"wp-block-heading\">Grundf\u00e4rger <\/h2>\n\n\n\n<figure class=\"wp-block-image size-large\"><img loading=\"lazy\" decoding=\"async\" width=\"640\" height=\"514\" src=\"https:\/\/silver.stillbild.se\/wp-content\/uploads\/2021\/06\/IMG_2256.jpg\" alt=\"\" class=\"wp-image-1571\" srcset=\"https:\/\/silver.stillbild.se\/wp-content\/uploads\/2021\/06\/IMG_2256.jpg 640w, https:\/\/silver.stillbild.se\/wp-content\/uploads\/2021\/06\/IMG_2256-300x241.jpg 300w, https:\/\/silver.stillbild.se\/wp-content\/uploads\/2021\/06\/IMG_2256-374x300.jpg 374w\" sizes=\"auto, (max-width: 640px) 100vw, 640px\" \/><\/figure>\n\n\n\n<h2 class=\"wp-block-heading\">Lite produktinformation<\/h2>\n\n\n\n<div class=\"wp-block-media-text alignwide is-stacked-on-mobile\"><figure class=\"wp-block-media-text__media\"><img loading=\"lazy\" decoding=\"async\" width=\"240\" height=\"300\" src=\"https:\/\/silver.stillbild.se\/wp-content\/uploads\/2020\/04\/IMG_6659-240x300.jpg\" alt=\"\" class=\"wp-image-1462 size-full\" srcset=\"https:\/\/silver.stillbild.se\/wp-content\/uploads\/2020\/04\/IMG_6659-240x300.jpg 240w, https:\/\/silver.stillbild.se\/wp-content\/uploads\/2020\/04\/IMG_6659-819x1024.jpg 819w, https:\/\/silver.stillbild.se\/wp-content\/uploads\/2020\/04\/IMG_6659-768x960.jpg 768w, https:\/\/silver.stillbild.se\/wp-content\/uploads\/2020\/04\/IMG_6659.jpg 1024w\" sizes=\"auto, (max-width: 240px) 100vw, 240px\" \/><\/figure><div class=\"wp-block-media-text__content\">\n<p>Radars Rullar \u00e4r tillverkade av syntetiskt textilt material. S\u00e5 l\u00e5ngt det \u00e4r m\u00f6jligt anv\u00e4nder jag \u00e5tervunnen textil till stoppningen. <\/p>\n\n\n\n<p>Flytrullarna har samma ytmaterial som \u00f6vriga modeller men med en fyllning av flytk\u00e4rna i ett skummaterial. \u00c4ven det \u00e5tervunnet s\u00e5 l\u00e5ngt det \u00e4r m\u00f6jligt. Samtliga rullar \u00e4r v\u00e4lfyllda, fast stoppade och inbjuder inte till &#8220;tugg&#8221;.<\/p>\n\n\n\n<p>Alla rullar \u00e4r tv\u00e4ttbara, i maskin 40 grader men utan sk\u00f6ljmedel. Torkas luftigt och g\u00e4rna eftertorkas p\u00e5 en torr varm plats tills de k\u00e4nns torra och l\u00e4tta igen.<\/p>\n\n\n\n<p>De st\u00f6rre rullarna, typ Radars Joker, skuras med f\u00f6rdel med s\u00e5pa i st\u00e4llet f\u00f6r att tv\u00e4ttas i maskin. Torkas luftigt precis som \u00f6vriga rullar.<\/p>\n<\/div><\/div>\n","protected":false},"excerpt":{"rendered":"<p>&#8230; Radar har l\u00e5nat en liten vr\u00e5 till sina rullar och halsband h\u00e4r, allt f\u00f6r att det ska vara enklare f\u00f6r er att hitta mer information och sortiment. Snabbaste v\u00e4gen \u00e4r www.radarsrullar.se S\u00e5 blev det lite r\u00f6rigt! Sidan \u00e4r under &hellip; <a href=\"https:\/\/silver.stillbild.se\/?page_id=1434\">Continue reading <span class=\"meta-nav\">&rarr;<\/span><\/a><\/p>\n","protected":false},"author":1,"featured_media":0,"parent":0,"menu_order":9,"comment_status":"closed","ping_status":"closed","template":"","meta":{"footnotes":""},"class_list":["post-1434","page","type-page","status-publish","hentry"],"_links":{"self":[{"href":"https:\/\/silver.stillbild.se\/index.php?rest_route=\/wp\/v2\/pages\/1434","targetHints":{"allow":["GET"]}}],"collection":[{"href":"https:\/\/silver.stillbild.se\/index.php?rest_route=\/wp\/v2\/pages"}],"about":[{"href":"https:\/\/silver.stillbild.se\/index.php?rest_route=\/wp\/v2\/types\/page"}],"author":[{"embeddable":true,"href":"https:\/\/silver.stillbild.se\/index.php?rest_route=\/wp\/v2\/users\/1"}],"replies":[{"embeddable":true,"href":"https:\/\/silver.stillbild.se\/index.php?rest_route=%2Fwp%2Fv2%2Fcomments&post=1434"}],"version-history":[{"count":85,"href":"https:\/\/silver.stillbild.se\/index.php?rest_route=\/wp\/v2\/pages\/1434\/revisions"}],"predecessor-version":[{"id":1750,"href":"https:\/\/silver.stillbild.se\/index.php?rest_route=\/wp\/v2\/pages\/1434\/revisions\/1750"}],"wp:attachment":[{"href":"https:\/\/silver.stillbild.se\/index.php?rest_route=%2Fwp%2Fv2%2Fmedia&parent=1434"}],"curies":[{"name":"wp","href":"https:\/\/api.w.org\/{rel}","templated":true}]}}