{"id":2,"date":"2011-10-24T06:34:03","date_gmt":"2011-10-24T06:34:03","guid":{"rendered":"http:\/\/silver.stillbild.se\/\/?page_id=2"},"modified":"2019-03-18T09:01:54","modified_gmt":"2019-03-18T09:01:54","slug":"sample-page","status":"publish","type":"page","link":"https:\/\/silver.stillbild.se\/?page_id=2","title":{"rendered":"Kontakt och GDPR"},"content":{"rendered":"<h6><strong>Kontakt<\/strong><\/h6>\n<p>Jag heter Karin Yll\u00f6 och arbetar som silversmed och grav\u00f6r. \u00c4r du nyfiken p\u00e5 det jag g\u00f6r och kanske har n\u00e5gon fr\u00e5ga, v\u00e4lkommen med ett mejl till\u00a0 <a href=\"mailto:karin@stillbild.se\"><em><strong>kontakt@silverkari.se<\/strong><\/em><\/a><\/p>\n<p>Du hittar mig ocks\u00e5 p\u00e5 Facebook som <em><strong><a href=\"https:\/\/www.facebook.com\/Silver-Kari-474363432637737\/timeline\/\" target=\"_blank\" rel=\"noopener noreferrer\">Silver Kari<\/a><\/strong><\/em> och p\u00e5 portalen <strong><em><a title=\"SilverKari\" href=\"http:\/\/www.etsy.com\/shop\/SilverKari\" target=\"_blank\" rel=\"noopener noreferrer\">ETSY<\/a><\/em><\/strong><\/p>\n<h2>GDPR<\/h2>\n<p>N\u00e4r du best\u00e4ller ett smycke av mig godk\u00e4nner du samtidigt att jag har dina kontaktuppgifter i mitt kundregister. Dina uppgifter delas aldrig ut eller s\u00e4ljs vidare till tredje part, utan \u00e4r endast till f\u00f6r service och kontakt oss emellan i relation f\u00f6retag och kund. Detta g\u00e4ller \u00e4ven eventuell mejlkonversation oss emellan.<\/p>\n<p>Vill du av n\u00e5gon orsak inte finnas i mitt kundregister \u00e4r det ditt ansvar att kontakta mig via mejl till <a href=\"mailto:kontakt@silverkari.se\"><strong>kontakt@silverkari.se<\/strong><\/a><\/p>\n","protected":false},"excerpt":{"rendered":"<p>Kontakt Jag heter Karin Yll\u00f6 och arbetar som silversmed och grav\u00f6r. \u00c4r du nyfiken p\u00e5 det jag g\u00f6r och kanske har n\u00e5gon fr\u00e5ga, v\u00e4lkommen med ett mejl till\u00a0 kontakt@silverkari.se Du hittar mig ocks\u00e5 p\u00e5 Facebook som Silver Kari och p\u00e5 &hellip; <a href=\"https:\/\/silver.stillbild.se\/?page_id=2\">Continue reading <span class=\"meta-nav\">&rarr;<\/span><\/a><\/p>\n","protected":false},"author":1,"featured_media":0,"parent":0,"menu_order":0,"comment_status":"open","ping_status":"open","template":"","meta":{"footnotes":""},"class_list":["post-2","page","type-page","status-publish","hentry"],"_links":{"self":[{"href":"https:\/\/silver.stillbild.se\/index.php?rest_route=\/wp\/v2\/pages\/2","targetHints":{"allow":["GET"]}}],"collection":[{"href":"https:\/\/silver.stillbild.se\/index.php?rest_route=\/wp\/v2\/pages"}],"about":[{"href":"https:\/\/silver.stillbild.se\/index.php?rest_route=\/wp\/v2\/types\/page"}],"author":[{"embeddable":true,"href":"https:\/\/silver.stillbild.se\/index.php?rest_route=\/wp\/v2\/users\/1"}],"replies":[{"embeddable":true,"href":"https:\/\/silver.stillbild.se\/index.php?rest_route=%2Fwp%2Fv2%2Fcomments&post=2"}],"version-history":[{"count":13,"href":"https:\/\/silver.stillbild.se\/index.php?rest_route=\/wp\/v2\/pages\/2\/revisions"}],"predecessor-version":[{"id":1260,"href":"https:\/\/silver.stillbild.se\/index.php?rest_route=\/wp\/v2\/pages\/2\/revisions\/1260"}],"wp:attachment":[{"href":"https:\/\/silver.stillbild.se\/index.php?rest_route=%2Fwp%2Fv2%2Fmedia&parent=2"}],"curies":[{"name":"wp","href":"https:\/\/api.w.org\/{rel}","templated":true}]}}