{"id":355,"date":"2014-04-10T19:12:24","date_gmt":"2014-04-10T19:12:24","guid":{"rendered":"http:\/\/silver.stillbild.se\/?page_id=355"},"modified":"2023-04-13T05:58:26","modified_gmt":"2023-04-13T05:58:26","slug":"schnauzer","status":"publish","type":"page","link":"https:\/\/silver.stillbild.se\/?page_id=355","title":{"rendered":"Standard Schnauzer"},"content":{"rendered":"<p><strong>Siffran i namnet<\/strong> anger h\u00f6jden p\u00e5 h\u00e4nget. Alla mina smycken \u00e4r gjorda i Sterlingsilver helt fritt fr\u00e5n nickel. Det finns m\u00f6jlighet att byta ut silverkrokarna till titankrokar, b\u00e5da alternativen handgjorda.<br \/>\n<strong>F\u00f6r att g\u00f6ra en best\u00e4llning<\/strong>, v\u00e4lkommen med ett mejl till <a href=\"mailto:order@silverkari.se\">order@silverkari.se <\/a><br \/>\nAlla mina best\u00e4llningar skickas som Rek till en kostnad av 85:- (till annat land 145:- )<\/p>\n<p><strong><img loading=\"lazy\" decoding=\"async\" class=\"alignleft size-medium wp-image-565\" src=\"https:\/\/silver.stillbild.se\/wp-content\/uploads\/2014\/04\/Photo-2014-06-06-08-45-36-300x300.jpg\" alt=\"\" width=\"300\" height=\"300\" srcset=\"https:\/\/silver.stillbild.se\/wp-content\/uploads\/2014\/04\/Photo-2014-06-06-08-45-36-300x300.jpg 300w, https:\/\/silver.stillbild.se\/wp-content\/uploads\/2014\/04\/Photo-2014-06-06-08-45-36-150x150.jpg 150w, https:\/\/silver.stillbild.se\/wp-content\/uploads\/2014\/04\/Photo-2014-06-06-08-45-36.jpg 570w\" sizes=\"auto, (max-width: 300px) 100vw, 300px\" \/>H\u00e4ngsmycke<\/strong><\/p>\n<p><strong>Schnauzer30<\/strong>, komplett med kedja 45 cm. Monterad med dubbelh\u00e4nkel s\u00e5 h\u00e4nget kan anv\u00e4ndas som liten brosch.<\/p>\n<p><img loading=\"lazy\" decoding=\"async\" class=\"alignleft size-medium wp-image-839\" src=\"https:\/\/silver.stillbild.se\/wp-content\/uploads\/2014\/04\/Foto-2016-03-14-19-05-10-300x300.jpg\" alt=\"Foto 2016-03-14 19 05 10\" width=\"300\" height=\"300\" srcset=\"https:\/\/silver.stillbild.se\/wp-content\/uploads\/2014\/04\/Foto-2016-03-14-19-05-10-300x300.jpg 300w, https:\/\/silver.stillbild.se\/wp-content\/uploads\/2014\/04\/Foto-2016-03-14-19-05-10-150x150.jpg 150w, https:\/\/silver.stillbild.se\/wp-content\/uploads\/2014\/04\/Foto-2016-03-14-19-05-10.jpg 570w\" sizes=\"auto, (max-width: 300px) 100vw, 300px\" \/><\/p>\n<p><strong><a href=\"https:\/\/silver.stillbild.se\/wp-content\/uploads\/2014\/04\/Foto-2014-08-19-12-37-12.jpg\"><img loading=\"lazy\" decoding=\"async\" class=\"alignleft size-medium wp-image-566\" src=\"https:\/\/silver.stillbild.se\/wp-content\/uploads\/2014\/04\/Foto-2014-08-19-12-37-12-300x300.jpg\" alt=\"Silver Kari\u00b4s silverpack\" width=\"300\" height=\"300\" srcset=\"https:\/\/silver.stillbild.se\/wp-content\/uploads\/2014\/04\/Foto-2014-08-19-12-37-12-300x300.jpg 300w, https:\/\/silver.stillbild.se\/wp-content\/uploads\/2014\/04\/Foto-2014-08-19-12-37-12-150x150.jpg 150w, https:\/\/silver.stillbild.se\/wp-content\/uploads\/2014\/04\/Foto-2014-08-19-12-37-12.jpg 570w\" sizes=\"auto, (max-width: 300px) 100vw, 300px\" \/><\/a><\/strong><\/p>\n<p><strong>SchnauzerRi25<\/strong>, komplett med kedja 45 cm.<\/p>\n<p><strong>Schunauzer26<\/strong>, komplett med kedja 45 cm.<\/p>\n<p><strong><a href=\"https:\/\/silver.stillbild.se\/wp-content\/uploads\/2014\/04\/Foto-2014-08-19-12-49-54.jpg\"><img loading=\"lazy\" decoding=\"async\" class=\"alignleft size-medium wp-image-567\" src=\"https:\/\/silver.stillbild.se\/wp-content\/uploads\/2014\/04\/Foto-2014-08-19-12-49-54-300x300.jpg\" alt=\"Silver Kari\u00b4s silverpack\" width=\"300\" height=\"300\" srcset=\"https:\/\/silver.stillbild.se\/wp-content\/uploads\/2014\/04\/Foto-2014-08-19-12-49-54-300x300.jpg 300w, https:\/\/silver.stillbild.se\/wp-content\/uploads\/2014\/04\/Foto-2014-08-19-12-49-54-150x150.jpg 150w, https:\/\/silver.stillbild.se\/wp-content\/uploads\/2014\/04\/Foto-2014-08-19-12-49-54.jpg 570w\" sizes=\"auto, (max-width: 300px) 100vw, 300px\" \/><\/a><\/strong><\/p>\n<p><strong>Schnauzer19<\/strong> komplett med kedja 45 eller 42 cm<\/p>\n<p><a href=\"https:\/\/silver.stillbild.se\/wp-content\/uploads\/2014\/04\/Photo-2014-06-10-13-26-05.jpg\"><img loading=\"lazy\" decoding=\"async\" class=\"alignleft size-medium wp-image-568\" src=\"https:\/\/silver.stillbild.se\/wp-content\/uploads\/2014\/04\/Photo-2014-06-10-13-26-05-300x300.jpg\" alt=\"Silver Kari\u00b4s silverpack\" width=\"300\" height=\"300\" srcset=\"https:\/\/silver.stillbild.se\/wp-content\/uploads\/2014\/04\/Photo-2014-06-10-13-26-05-300x300.jpg 300w, https:\/\/silver.stillbild.se\/wp-content\/uploads\/2014\/04\/Photo-2014-06-10-13-26-05-150x150.jpg 150w, https:\/\/silver.stillbild.se\/wp-content\/uploads\/2014\/04\/Photo-2014-06-10-13-26-05.jpg 570w\" sizes=\"auto, (max-width: 300px) 100vw, 300px\" \/><\/a><strong>\u00d6rh\u00e4ngen<\/strong>, monterade p\u00e5 handgjord krok.<\/p>\n<p>Pris: SEK 790:-<\/p>\n<p><a href=\"https:\/\/silver.stillbild.se\/wp-content\/uploads\/2014\/04\/Foto-2014-08-13-10-03-08.jpg\"><img loading=\"lazy\" decoding=\"async\" class=\"alignleft size-medium wp-image-569\" src=\"https:\/\/silver.stillbild.se\/wp-content\/uploads\/2014\/04\/Foto-2014-08-13-10-03-08-300x300.jpg\" alt=\"Foto 2014-08-13 10 03 08\" width=\"300\" height=\"300\" srcset=\"https:\/\/silver.stillbild.se\/wp-content\/uploads\/2014\/04\/Foto-2014-08-13-10-03-08-300x300.jpg 300w, https:\/\/silver.stillbild.se\/wp-content\/uploads\/2014\/04\/Foto-2014-08-13-10-03-08-150x150.jpg 150w, https:\/\/silver.stillbild.se\/wp-content\/uploads\/2014\/04\/Foto-2014-08-13-10-03-08.jpg 570w\" sizes=\"auto, (max-width: 300px) 100vw, 300px\" \/><\/a>Alla \u00f6rh\u00e4ngen kan f\u00e5s med handgjorda titankrokar.<\/p>\n","protected":false},"excerpt":{"rendered":"<p>Siffran i namnet anger h\u00f6jden p\u00e5 h\u00e4nget. Alla mina smycken \u00e4r gjorda i Sterlingsilver helt fritt fr\u00e5n nickel. Det finns m\u00f6jlighet att byta ut silverkrokarna till titankrokar, b\u00e5da alternativen handgjorda. F\u00f6r att g\u00f6ra en best\u00e4llning, v\u00e4lkommen med ett mejl till &hellip; <a href=\"https:\/\/silver.stillbild.se\/?page_id=355\">Continue reading <span class=\"meta-nav\">&rarr;<\/span><\/a><\/p>\n","protected":false},"author":1,"featured_media":0,"parent":373,"menu_order":2,"comment_status":"open","ping_status":"open","template":"","meta":{"footnotes":""},"class_list":["post-355","page","type-page","status-publish","hentry"],"_links":{"self":[{"href":"https:\/\/silver.stillbild.se\/index.php?rest_route=\/wp\/v2\/pages\/355","targetHints":{"allow":["GET"]}}],"collection":[{"href":"https:\/\/silver.stillbild.se\/index.php?rest_route=\/wp\/v2\/pages"}],"about":[{"href":"https:\/\/silver.stillbild.se\/index.php?rest_route=\/wp\/v2\/types\/page"}],"author":[{"embeddable":true,"href":"https:\/\/silver.stillbild.se\/index.php?rest_route=\/wp\/v2\/users\/1"}],"replies":[{"embeddable":true,"href":"https:\/\/silver.stillbild.se\/index.php?rest_route=%2Fwp%2Fv2%2Fcomments&post=355"}],"version-history":[{"count":9,"href":"https:\/\/silver.stillbild.se\/index.php?rest_route=\/wp\/v2\/pages\/355\/revisions"}],"predecessor-version":[{"id":1668,"href":"https:\/\/silver.stillbild.se\/index.php?rest_route=\/wp\/v2\/pages\/355\/revisions\/1668"}],"up":[{"embeddable":true,"href":"https:\/\/silver.stillbild.se\/index.php?rest_route=\/wp\/v2\/pages\/373"}],"wp:attachment":[{"href":"https:\/\/silver.stillbild.se\/index.php?rest_route=%2Fwp%2Fv2%2Fmedia&parent=355"}],"curies":[{"name":"wp","href":"https:\/\/api.w.org\/{rel}","templated":true}]}}