{"id":428,"date":"2014-04-14T11:20:11","date_gmt":"2014-04-14T11:20:11","guid":{"rendered":"http:\/\/silver.stillbild.se\/?page_id=428"},"modified":"2023-04-13T05:59:27","modified_gmt":"2023-04-13T05:59:27","slug":"west-highland-white-terrier","status":"publish","type":"page","link":"https:\/\/silver.stillbild.se\/?page_id=428","title":{"rendered":"West Highland White Terrier"},"content":{"rendered":"<p><strong>Siffran i namnet<\/strong> anger h\u00f6jden p\u00e5 h\u00e4nget. Alla mina smycken \u00e4r gjorda i Sterlingsilver helt fritt fr\u00e5n nickel. Det finns m\u00f6jlighet att byta ut silverkrokarna till titankrokar, b\u00e5da alternativen handgjorda.<br \/>\n<strong>F\u00f6r att g\u00f6ra en best\u00e4llning<\/strong>, v\u00e4lkommen med ett mejl till <a href=\"mailto:order@silverkari.se\">order@silverkari.se <\/a><br \/>\nAlla mina best\u00e4llningar skickas som Rek till en kostnad av 85:- (till annat land 145:- )<\/p>\n<p><strong><a href=\"https:\/\/silver.stillbild.se\/wp-content\/uploads\/2014\/10\/Foto-2014-10-15-08-30-48.jpg\"><img loading=\"lazy\" decoding=\"async\" class=\"alignleft size-medium wp-image-598\" src=\"https:\/\/silver.stillbild.se\/wp-content\/uploads\/2014\/10\/Foto-2014-10-15-08-30-48-300x300.jpg\" alt=\"westie, necklace\" width=\"300\" height=\"300\" srcset=\"https:\/\/silver.stillbild.se\/wp-content\/uploads\/2014\/10\/Foto-2014-10-15-08-30-48-300x300.jpg 300w, https:\/\/silver.stillbild.se\/wp-content\/uploads\/2014\/10\/Foto-2014-10-15-08-30-48-150x150.jpg 150w, https:\/\/silver.stillbild.se\/wp-content\/uploads\/2014\/10\/Foto-2014-10-15-08-30-48.jpg 570w\" sizes=\"auto, (max-width: 300px) 100vw, 300px\" \/><\/a>H\u00e4ngsmycke<\/strong><\/p>\n<p><strong>Westie24<\/strong> komplett med kedja 45 cm<\/p>\n<p><strong><a href=\"https:\/\/silver.stillbild.se\/wp-content\/uploads\/2014\/10\/Foto-2014-10-15-08-38-39.jpg\"><img loading=\"lazy\" decoding=\"async\" class=\"alignleft size-medium wp-image-599\" src=\"https:\/\/silver.stillbild.se\/wp-content\/uploads\/2014\/10\/Foto-2014-10-15-08-38-39-300x300.jpg\" alt=\"westie, earrings\" width=\"300\" height=\"300\" srcset=\"https:\/\/silver.stillbild.se\/wp-content\/uploads\/2014\/10\/Foto-2014-10-15-08-38-39-300x300.jpg 300w, https:\/\/silver.stillbild.se\/wp-content\/uploads\/2014\/10\/Foto-2014-10-15-08-38-39-150x150.jpg 150w, https:\/\/silver.stillbild.se\/wp-content\/uploads\/2014\/10\/Foto-2014-10-15-08-38-39.jpg 570w\" sizes=\"auto, (max-width: 300px) 100vw, 300px\" \/><\/a><\/strong><\/p>\n<p><strong>\u00d6rh\u00e4ngen<\/strong><\/p>\n<p><strong> Westie16<\/strong>, monterad med handgjord krok<\/p>\n","protected":false},"excerpt":{"rendered":"<p>Siffran i namnet anger h\u00f6jden p\u00e5 h\u00e4nget. Alla mina smycken \u00e4r gjorda i Sterlingsilver helt fritt fr\u00e5n nickel. Det finns m\u00f6jlighet att byta ut silverkrokarna till titankrokar, b\u00e5da alternativen handgjorda. F\u00f6r att g\u00f6ra en best\u00e4llning, v\u00e4lkommen med ett mejl till &hellip; <a href=\"https:\/\/silver.stillbild.se\/?page_id=428\">Continue reading <span class=\"meta-nav\">&rarr;<\/span><\/a><\/p>\n","protected":false},"author":1,"featured_media":0,"parent":357,"menu_order":0,"comment_status":"open","ping_status":"open","template":"","meta":{"footnotes":""},"class_list":["post-428","page","type-page","status-publish","hentry"],"_links":{"self":[{"href":"https:\/\/silver.stillbild.se\/index.php?rest_route=\/wp\/v2\/pages\/428","targetHints":{"allow":["GET"]}}],"collection":[{"href":"https:\/\/silver.stillbild.se\/index.php?rest_route=\/wp\/v2\/pages"}],"about":[{"href":"https:\/\/silver.stillbild.se\/index.php?rest_route=\/wp\/v2\/types\/page"}],"author":[{"embeddable":true,"href":"https:\/\/silver.stillbild.se\/index.php?rest_route=\/wp\/v2\/users\/1"}],"replies":[{"embeddable":true,"href":"https:\/\/silver.stillbild.se\/index.php?rest_route=%2Fwp%2Fv2%2Fcomments&post=428"}],"version-history":[{"count":6,"href":"https:\/\/silver.stillbild.se\/index.php?rest_route=\/wp\/v2\/pages\/428\/revisions"}],"predecessor-version":[{"id":1670,"href":"https:\/\/silver.stillbild.se\/index.php?rest_route=\/wp\/v2\/pages\/428\/revisions\/1670"}],"up":[{"embeddable":true,"href":"https:\/\/silver.stillbild.se\/index.php?rest_route=\/wp\/v2\/pages\/357"}],"wp:attachment":[{"href":"https:\/\/silver.stillbild.se\/index.php?rest_route=%2Fwp%2Fv2%2Fmedia&parent=428"}],"curies":[{"name":"wp","href":"https:\/\/api.w.org\/{rel}","templated":true}]}}