{"id":485,"date":"2014-04-15T17:46:51","date_gmt":"2014-04-15T17:46:51","guid":{"rendered":"http:\/\/silver.stillbild.se\/?page_id=485"},"modified":"2020-12-07T10:03:01","modified_gmt":"2020-12-07T10:03:01","slug":"att-bestalla","status":"publish","type":"page","link":"https:\/\/silver.stillbild.se\/?page_id=485","title":{"rendered":"Att best\u00e4lla"},"content":{"rendered":"<p><strong>N\u00e4r du hittar ett smycke du vill best\u00e4lla av mig, g\u00f6r s\u00e5 h\u00e4r:<\/strong><\/p>\n<p>Skicka ett mejl till <a href=\"mailto:order@silverkari.se\"><em><strong>order@silverkari.se<\/strong><\/em><\/a>, skriv hundrasen i mejlets \u00e4mnesf\u00e4lt.<\/p>\n<p>Tala om vad du vill best\u00e4lla i mejlet, ange din leveransadress och hur du vill betala.<\/p>\n<p>Det tillkommer frakt p\u00e5 alla best\u00e4llningar med 85:- inom Sverige och 145:- inom EU och \u00f6vriga v\u00e4rlden. De skickas som Rekommenderat brev, f\u00f6rs\u00e4krat och med kollinummer, om inget annat \u00f6verenskommits.<\/p>\n<p>Du f\u00e5r svar fr\u00e5n mig med leveranstid samt betalningsinformation. Jag accepterar betalning via Bankgiro och Swish.<\/p>\n<p>V\u00e4lkommen att h\u00f6ra av dig!<\/p>\n","protected":false},"excerpt":{"rendered":"<p>N\u00e4r du hittar ett smycke du vill best\u00e4lla av mig, g\u00f6r s\u00e5 h\u00e4r: Skicka ett mejl till order@silverkari.se, skriv hundrasen i mejlets \u00e4mnesf\u00e4lt. Tala om vad du vill best\u00e4lla i mejlet, ange din leveransadress och hur du vill betala. Det &hellip; <a href=\"https:\/\/silver.stillbild.se\/?page_id=485\">Continue reading <span class=\"meta-nav\">&rarr;<\/span><\/a><\/p>\n","protected":false},"author":1,"featured_media":0,"parent":357,"menu_order":0,"comment_status":"open","ping_status":"open","template":"","meta":{"footnotes":""},"class_list":["post-485","page","type-page","status-publish","hentry"],"_links":{"self":[{"href":"https:\/\/silver.stillbild.se\/index.php?rest_route=\/wp\/v2\/pages\/485","targetHints":{"allow":["GET"]}}],"collection":[{"href":"https:\/\/silver.stillbild.se\/index.php?rest_route=\/wp\/v2\/pages"}],"about":[{"href":"https:\/\/silver.stillbild.se\/index.php?rest_route=\/wp\/v2\/types\/page"}],"author":[{"embeddable":true,"href":"https:\/\/silver.stillbild.se\/index.php?rest_route=\/wp\/v2\/users\/1"}],"replies":[{"embeddable":true,"href":"https:\/\/silver.stillbild.se\/index.php?rest_route=%2Fwp%2Fv2%2Fcomments&post=485"}],"version-history":[{"count":11,"href":"https:\/\/silver.stillbild.se\/index.php?rest_route=\/wp\/v2\/pages\/485\/revisions"}],"predecessor-version":[{"id":1542,"href":"https:\/\/silver.stillbild.se\/index.php?rest_route=\/wp\/v2\/pages\/485\/revisions\/1542"}],"up":[{"embeddable":true,"href":"https:\/\/silver.stillbild.se\/index.php?rest_route=\/wp\/v2\/pages\/357"}],"wp:attachment":[{"href":"https:\/\/silver.stillbild.se\/index.php?rest_route=%2Fwp%2Fv2%2Fmedia&parent=485"}],"curies":[{"name":"wp","href":"https:\/\/api.w.org\/{rel}","templated":true}]}}