{"id":498,"date":"2014-05-08T06:42:13","date_gmt":"2014-05-08T06:42:13","guid":{"rendered":"http:\/\/silver.stillbild.se\/?page_id=498"},"modified":"2023-04-13T05:51:09","modified_gmt":"2023-04-13T05:51:09","slug":"cavalier-king-charles-spaniel","status":"publish","type":"page","link":"https:\/\/silver.stillbild.se\/?page_id=498","title":{"rendered":"Cavalier King Charles Spaniel"},"content":{"rendered":"<p><strong>Siffran i namnet<\/strong> anger h\u00f6jden p\u00e5 h\u00e4nget. Alla mina smycken \u00e4r gjorda i Sterlingsilver helt fritt fr\u00e5n nickel. Det finns m\u00f6jlighet att byta ut silverkrokarna till titankrokar, b\u00e5da alternativen handgjorda.<br \/>\n<strong>F\u00f6r att g\u00f6ra en best\u00e4llning<\/strong>, v\u00e4lkommen med ett mejl till <a href=\"mailto:order@silverkari.se\">order@silverkari.se <\/a><br \/>\nAlla mina best\u00e4llningar skickas som Rek till en kostnad av 85:- (till annat land 145:- )<\/p>\n<p><strong><img loading=\"lazy\" decoding=\"async\" class=\"alignleft size-medium wp-image-549\" src=\"https:\/\/silver.stillbild.se\/wp-content\/uploads\/2014\/05\/Photo-2014-06-08-12-40-20-300x300.jpg\" alt=\"\" width=\"300\" height=\"300\" srcset=\"https:\/\/silver.stillbild.se\/wp-content\/uploads\/2014\/05\/Photo-2014-06-08-12-40-20-300x300.jpg 300w, https:\/\/silver.stillbild.se\/wp-content\/uploads\/2014\/05\/Photo-2014-06-08-12-40-20-150x150.jpg 150w, https:\/\/silver.stillbild.se\/wp-content\/uploads\/2014\/05\/Photo-2014-06-08-12-40-20.jpg 570w\" sizes=\"auto, (max-width: 300px) 100vw, 300px\" \/>H\u00e4ngsmycke <\/strong><strong><br \/>\n<\/strong><\/p>\n<p><strong>Cavalier25<\/strong>, komplett med kedja 45 cm<\/p>\n<p><strong><img loading=\"lazy\" decoding=\"async\" class=\"alignleft size-medium wp-image-746\" src=\"https:\/\/silver.stillbild.se\/wp-content\/uploads\/2014\/05\/Foto-2015-07-31-16-50-59-300x300.jpg\" alt=\"Foto 2015-07-31 16 50 59\" width=\"300\" height=\"300\" srcset=\"https:\/\/silver.stillbild.se\/wp-content\/uploads\/2014\/05\/Foto-2015-07-31-16-50-59-300x300.jpg 300w, https:\/\/silver.stillbild.se\/wp-content\/uploads\/2014\/05\/Foto-2015-07-31-16-50-59-150x150.jpg 150w, https:\/\/silver.stillbild.se\/wp-content\/uploads\/2014\/05\/Foto-2015-07-31-16-50-59.jpg 570w\" sizes=\"auto, (max-width: 300px) 100vw, 300px\" \/>H\u00e4ngsmycke<\/strong><\/p>\n<p><strong>Cavalier18<\/strong>, komplett med kedja 42 eller 45 cm (H\u00f6ger eller v\u00e4nster)<\/p>\n<p><strong><img loading=\"lazy\" decoding=\"async\" class=\"alignleft size-medium wp-image-928\" src=\"https:\/\/silver.stillbild.se\/wp-content\/uploads\/2014\/05\/Foto-2016-11-24-14-30-28-300x300.jpg\" alt=\"foto-2016-11-24-14-30-28\" width=\"300\" height=\"300\" srcset=\"https:\/\/silver.stillbild.se\/wp-content\/uploads\/2014\/05\/Foto-2016-11-24-14-30-28-300x300.jpg 300w, https:\/\/silver.stillbild.se\/wp-content\/uploads\/2014\/05\/Foto-2016-11-24-14-30-28-150x150.jpg 150w, https:\/\/silver.stillbild.se\/wp-content\/uploads\/2014\/05\/Foto-2016-11-24-14-30-28-768x768.jpg 768w, https:\/\/silver.stillbild.se\/wp-content\/uploads\/2014\/05\/Foto-2016-11-24-14-30-28-1024x1024.jpg 1024w\" sizes=\"auto, (max-width: 300px) 100vw, 300px\" \/>Armband<\/strong><\/p>\n<p><strong>Cavalier18<\/strong>, \u00e4rtl\u00e4nk, S M L<\/p>\n<p><strong><img loading=\"lazy\" decoding=\"async\" class=\"alignleft size-medium wp-image-747\" src=\"https:\/\/silver.stillbild.se\/wp-content\/uploads\/2014\/05\/Foto-2015-07-31-16-52-26-300x300.jpg\" alt=\"Foto 2015-07-31 16 52 26\" width=\"300\" height=\"300\" srcset=\"https:\/\/silver.stillbild.se\/wp-content\/uploads\/2014\/05\/Foto-2015-07-31-16-52-26-300x300.jpg 300w, https:\/\/silver.stillbild.se\/wp-content\/uploads\/2014\/05\/Foto-2015-07-31-16-52-26-150x150.jpg 150w, https:\/\/silver.stillbild.se\/wp-content\/uploads\/2014\/05\/Foto-2015-07-31-16-52-26.jpg 570w\" sizes=\"auto, (max-width: 300px) 100vw, 300px\" \/>\u00d6rh\u00e4ngen<\/strong><\/p>\n<p><strong>Cavalier18<\/strong>, handgjord krok i silver eller titan.<\/p>\n<p><img loading=\"lazy\" decoding=\"async\" class=\"alignleft size-medium wp-image-569\" src=\"https:\/\/silver.stillbild.se\/wp-content\/uploads\/2014\/04\/Foto-2014-08-13-10-03-08-300x300.jpg\" alt=\"Handmade wire in silver and titanium\" width=\"300\" height=\"300\" srcset=\"https:\/\/silver.stillbild.se\/wp-content\/uploads\/2014\/04\/Foto-2014-08-13-10-03-08-300x300.jpg 300w, https:\/\/silver.stillbild.se\/wp-content\/uploads\/2014\/04\/Foto-2014-08-13-10-03-08-150x150.jpg 150w, https:\/\/silver.stillbild.se\/wp-content\/uploads\/2014\/04\/Foto-2014-08-13-10-03-08.jpg 570w\" sizes=\"auto, (max-width: 300px) 100vw, 300px\" \/><\/p>\n","protected":false},"excerpt":{"rendered":"<p>Siffran i namnet anger h\u00f6jden p\u00e5 h\u00e4nget. Alla mina smycken \u00e4r gjorda i Sterlingsilver helt fritt fr\u00e5n nickel. Det finns m\u00f6jlighet att byta ut silverkrokarna till titankrokar, b\u00e5da alternativen handgjorda. F\u00f6r att g\u00f6ra en best\u00e4llning, v\u00e4lkommen med ett mejl till &hellip; <a href=\"https:\/\/silver.stillbild.se\/?page_id=498\">Continue reading <span class=\"meta-nav\">&rarr;<\/span><\/a><\/p>\n","protected":false},"author":1,"featured_media":0,"parent":357,"menu_order":0,"comment_status":"open","ping_status":"open","template":"","meta":{"footnotes":""},"class_list":["post-498","page","type-page","status-publish","hentry"],"_links":{"self":[{"href":"https:\/\/silver.stillbild.se\/index.php?rest_route=\/wp\/v2\/pages\/498","targetHints":{"allow":["GET"]}}],"collection":[{"href":"https:\/\/silver.stillbild.se\/index.php?rest_route=\/wp\/v2\/pages"}],"about":[{"href":"https:\/\/silver.stillbild.se\/index.php?rest_route=\/wp\/v2\/types\/page"}],"author":[{"embeddable":true,"href":"https:\/\/silver.stillbild.se\/index.php?rest_route=\/wp\/v2\/users\/1"}],"replies":[{"embeddable":true,"href":"https:\/\/silver.stillbild.se\/index.php?rest_route=%2Fwp%2Fv2%2Fcomments&post=498"}],"version-history":[{"count":14,"href":"https:\/\/silver.stillbild.se\/index.php?rest_route=\/wp\/v2\/pages\/498\/revisions"}],"predecessor-version":[{"id":1653,"href":"https:\/\/silver.stillbild.se\/index.php?rest_route=\/wp\/v2\/pages\/498\/revisions\/1653"}],"up":[{"embeddable":true,"href":"https:\/\/silver.stillbild.se\/index.php?rest_route=\/wp\/v2\/pages\/357"}],"wp:attachment":[{"href":"https:\/\/silver.stillbild.se\/index.php?rest_route=%2Fwp%2Fv2%2Fmedia&parent=498"}],"curies":[{"name":"wp","href":"https:\/\/api.w.org\/{rel}","templated":true}]}}