{"id":594,"date":"2014-10-07T07:55:36","date_gmt":"2014-10-07T07:55:36","guid":{"rendered":"http:\/\/silver.stillbild.se\/?page_id=594"},"modified":"2021-11-28T07:19:44","modified_gmt":"2021-11-28T07:19:44","slug":"silverhoven-3","status":"publish","type":"page","link":"https:\/\/silver.stillbild.se\/?page_id=594","title":{"rendered":"Tassar och Hovar &#8230;"},"content":{"rendered":"\n\t\t<style type=\"text\/css\">\n\t\t\t#gallery-1 {\n\t\t\t\tmargin: auto;\n\t\t\t}\n\t\t\t#gallery-1 .gallery-item {\n\t\t\t\tfloat: left;\n\t\t\t\tmargin-top: 10px;\n\t\t\t\ttext-align: center;\n\t\t\t\twidth: 16%;\n\t\t\t}\n\t\t\t#gallery-1 img {\n\t\t\t\tborder: 2px solid #cfcfcf;\n\t\t\t}\n\t\t\t#gallery-1 .gallery-caption {\n\t\t\t\tmargin-left: 0;\n\t\t\t}\n\t\t\t\/* see gallery_shortcode() in wp-includes\/media.php *\/\n\t\t<\/style>\n\t\t<div id='gallery-1' class='gallery galleryid-594 gallery-columns-6 gallery-size-thumbnail'><dl class='gallery-item'>\n\t\t\t<dt class='gallery-icon landscape'>\n\t\t\t\t<a href='https:\/\/silver.stillbild.se\/?attachment_id=919'><img loading=\"lazy\" decoding=\"async\" width=\"150\" height=\"150\" src=\"https:\/\/silver.stillbild.se\/wp-content\/uploads\/2016\/10\/Foto-2016-10-11-20-06-47-150x150.jpg\" class=\"attachment-thumbnail size-thumbnail\" alt=\"\" srcset=\"https:\/\/silver.stillbild.se\/wp-content\/uploads\/2016\/10\/Foto-2016-10-11-20-06-47-150x150.jpg 150w, https:\/\/silver.stillbild.se\/wp-content\/uploads\/2016\/10\/Foto-2016-10-11-20-06-47-300x300.jpg 300w, https:\/\/silver.stillbild.se\/wp-content\/uploads\/2016\/10\/Foto-2016-10-11-20-06-47.jpg 570w\" sizes=\"auto, (max-width: 150px) 100vw, 150px\" \/><\/a>\n\t\t\t<\/dt><\/dl><dl class='gallery-item'>\n\t\t\t<dt class='gallery-icon landscape'>\n\t\t\t\t<a href='https:\/\/silver.stillbild.se\/?attachment_id=957'><img loading=\"lazy\" decoding=\"async\" width=\"150\" height=\"150\" src=\"https:\/\/silver.stillbild.se\/wp-content\/uploads\/2017\/03\/ky_silverhoven-150x150.jpg\" class=\"attachment-thumbnail size-thumbnail\" alt=\"\" srcset=\"https:\/\/silver.stillbild.se\/wp-content\/uploads\/2017\/03\/ky_silverhoven-150x150.jpg 150w, https:\/\/silver.stillbild.se\/wp-content\/uploads\/2017\/03\/ky_silverhoven-300x300.jpg 300w, https:\/\/silver.stillbild.se\/wp-content\/uploads\/2017\/03\/ky_silverhoven-768x768.jpg 768w, https:\/\/silver.stillbild.se\/wp-content\/uploads\/2017\/03\/ky_silverhoven-1024x1024.jpg 1024w, https:\/\/silver.stillbild.se\/wp-content\/uploads\/2017\/03\/ky_silverhoven.jpg 1280w\" sizes=\"auto, (max-width: 150px) 100vw, 150px\" \/><\/a>\n\t\t\t<\/dt><\/dl><dl class='gallery-item'>\n\t\t\t<dt class='gallery-icon landscape'>\n\t\t\t\t<a href='https:\/\/silver.stillbild.se\/?attachment_id=953'><img loading=\"lazy\" decoding=\"async\" width=\"150\" height=\"150\" src=\"https:\/\/silver.stillbild.se\/wp-content\/uploads\/2017\/03\/ky_kattass_armb-150x150.jpg\" class=\"attachment-thumbnail size-thumbnail\" alt=\"\" srcset=\"https:\/\/silver.stillbild.se\/wp-content\/uploads\/2017\/03\/ky_kattass_armb-150x150.jpg 150w, https:\/\/silver.stillbild.se\/wp-content\/uploads\/2017\/03\/ky_kattass_armb-300x300.jpg 300w, https:\/\/silver.stillbild.se\/wp-content\/uploads\/2017\/03\/ky_kattass_armb-768x768.jpg 768w, https:\/\/silver.stillbild.se\/wp-content\/uploads\/2017\/03\/ky_kattass_armb-1024x1024.jpg 1024w, https:\/\/silver.stillbild.se\/wp-content\/uploads\/2017\/03\/ky_kattass_armb.jpg 1280w\" sizes=\"auto, (max-width: 150px) 100vw, 150px\" \/><\/a>\n\t\t\t<\/dt><\/dl><dl class='gallery-item'>\n\t\t\t<dt class='gallery-icon landscape'>\n\t\t\t\t<a href='https:\/\/silver.stillbild.se\/?attachment_id=915'><img loading=\"lazy\" decoding=\"async\" width=\"150\" height=\"150\" src=\"https:\/\/silver.stillbild.se\/wp-content\/uploads\/2016\/09\/Foto-2016-09-16-14-46-35-150x150.jpg\" class=\"attachment-thumbnail size-thumbnail\" alt=\"\" srcset=\"https:\/\/silver.stillbild.se\/wp-content\/uploads\/2016\/09\/Foto-2016-09-16-14-46-35-150x150.jpg 150w, https:\/\/silver.stillbild.se\/wp-content\/uploads\/2016\/09\/Foto-2016-09-16-14-46-35-300x300.jpg 300w, https:\/\/silver.stillbild.se\/wp-content\/uploads\/2016\/09\/Foto-2016-09-16-14-46-35-768x768.jpg 768w, https:\/\/silver.stillbild.se\/wp-content\/uploads\/2016\/09\/Foto-2016-09-16-14-46-35-1024x1024.jpg 1024w\" sizes=\"auto, (max-width: 150px) 100vw, 150px\" \/><\/a>\n\t\t\t<\/dt><\/dl><dl class='gallery-item'>\n\t\t\t<dt class='gallery-icon landscape'>\n\t\t\t\t<a href='https:\/\/silver.stillbild.se\/?attachment_id=1050'><img loading=\"lazy\" decoding=\"async\" width=\"150\" height=\"150\" src=\"https:\/\/silver.stillbild.se\/wp-content\/uploads\/2017\/11\/Foto-2017-11-20-10-42-32-150x150.jpg\" class=\"attachment-thumbnail size-thumbnail\" alt=\"\" srcset=\"https:\/\/silver.stillbild.se\/wp-content\/uploads\/2017\/11\/Foto-2017-11-20-10-42-32-150x150.jpg 150w, https:\/\/silver.stillbild.se\/wp-content\/uploads\/2017\/11\/Foto-2017-11-20-10-42-32-300x300.jpg 300w, https:\/\/silver.stillbild.se\/wp-content\/uploads\/2017\/11\/Foto-2017-11-20-10-42-32-768x768.jpg 768w, https:\/\/silver.stillbild.se\/wp-content\/uploads\/2017\/11\/Foto-2017-11-20-10-42-32-1024x1024.jpg 1024w, https:\/\/silver.stillbild.se\/wp-content\/uploads\/2017\/11\/Foto-2017-11-20-10-42-32.jpg 1601w\" sizes=\"auto, (max-width: 150px) 100vw, 150px\" \/><\/a>\n\t\t\t<\/dt><\/dl><dl class='gallery-item'>\n\t\t\t<dt class='gallery-icon landscape'>\n\t\t\t\t<a href='https:\/\/silver.stillbild.se\/?attachment_id=1522'><img loading=\"lazy\" decoding=\"async\" width=\"150\" height=\"150\" src=\"https:\/\/silver.stillbild.se\/wp-content\/uploads\/2020\/09\/ky__7014_stud2-150x150.jpg\" class=\"attachment-thumbnail size-thumbnail\" alt=\"\" srcset=\"https:\/\/silver.stillbild.se\/wp-content\/uploads\/2020\/09\/ky__7014_stud2-150x150.jpg 150w, https:\/\/silver.stillbild.se\/wp-content\/uploads\/2020\/09\/ky__7014_stud2-300x300.jpg 300w, https:\/\/silver.stillbild.se\/wp-content\/uploads\/2020\/09\/ky__7014_stud2-1024x1024.jpg 1024w, https:\/\/silver.stillbild.se\/wp-content\/uploads\/2020\/09\/ky__7014_stud2-768x768.jpg 768w, https:\/\/silver.stillbild.se\/wp-content\/uploads\/2020\/09\/ky__7014_stud2.jpg 1424w\" sizes=\"auto, (max-width: 150px) 100vw, 150px\" \/><\/a>\n\t\t\t<\/dt><\/dl><br style=\"clear: both\" \/>\n\t\t<\/div>\n\n<p><a href=\"https:\/\/silver.stillbild.se\/wp-content\/uploads\/2014\/05\/ky_5638_silverhoven.jpg\"><img loading=\"lazy\" decoding=\"async\" class=\"aligncenter size-full wp-image-513\" src=\"https:\/\/silver.stillbild.se\/wp-content\/uploads\/2014\/05\/ky_5638_silverhoven.jpg\" alt=\"SilverHoven\" width=\"500\" height=\"400\" srcset=\"https:\/\/silver.stillbild.se\/wp-content\/uploads\/2014\/05\/ky_5638_silverhoven.jpg 500w, https:\/\/silver.stillbild.se\/wp-content\/uploads\/2014\/05\/ky_5638_silverhoven-300x240.jpg 300w, https:\/\/silver.stillbild.se\/wp-content\/uploads\/2014\/05\/ky_5638_silverhoven-375x300.jpg 375w\" sizes=\"auto, (max-width: 500px) 100vw, 500px\" \/><\/a><\/p>\n<p>&#8230;. ett smycke utformat fr\u00e5n den oskodda h\u00e4stens avtryck i sanden. Stor som en guldtia, med samma tyngdk\u00e4nsla i handen, h\u00e4ngande p\u00e5 en 45 cm l\u00e5ng kedja, allt i Sterlingsilver.<\/p>\n<p><img loading=\"lazy\" decoding=\"async\" class=\"aligncenter size-full wp-image-919\" src=\"https:\/\/silver.stillbild.se\/wp-content\/uploads\/2016\/10\/Foto-2016-10-11-20-06-47.jpg\" alt=\"foto-2016-10-11-20-06-47\" width=\"570\" height=\"570\" srcset=\"https:\/\/silver.stillbild.se\/wp-content\/uploads\/2016\/10\/Foto-2016-10-11-20-06-47.jpg 570w, https:\/\/silver.stillbild.se\/wp-content\/uploads\/2016\/10\/Foto-2016-10-11-20-06-47-150x150.jpg 150w, https:\/\/silver.stillbild.se\/wp-content\/uploads\/2016\/10\/Foto-2016-10-11-20-06-47-300x300.jpg 300w\" sizes=\"auto, (max-width: 570px) 100vw, 570px\" \/><\/p>\n<p><img loading=\"lazy\" decoding=\"async\" class=\"size-full wp-image-912 alignleft\" src=\"https:\/\/silver.stillbild.se\/wp-content\/uploads\/2014\/10\/Foto-2016-09-20-12-07-57.jpg\" alt=\"foto-2016-09-20-12-07-57\" width=\"570\" height=\"570\" srcset=\"https:\/\/silver.stillbild.se\/wp-content\/uploads\/2014\/10\/Foto-2016-09-20-12-07-57.jpg 570w, https:\/\/silver.stillbild.se\/wp-content\/uploads\/2014\/10\/Foto-2016-09-20-12-07-57-150x150.jpg 150w, https:\/\/silver.stillbild.se\/wp-content\/uploads\/2014\/10\/Foto-2016-09-20-12-07-57-300x300.jpg 300w\" sizes=\"auto, (max-width: 570px) 100vw, 570px\" \/>S\u00e5 fick SilverHoven s\u00e4llskap av en hel liten familj SilverTassar!<\/p>\n<p>Den stora, SilverTassen, med samma storlek och k\u00e4nsla som SilverHoven, den mindre, som en tjugofem\u00f6ring f\u00f6r dig som minns. Som lite extra och unik, den st\u00f6rre, med din egen hunds tass ingraverad. Alla tre kan dessutom f\u00e5s med en namngravyr p\u00e5 baksidan och \u00e4r alla i sterling silver.<\/p>\n<p>\u00a0<\/p>\n\n\t\t<style type=\"text\/css\">\n\t\t\t#gallery-2 {\n\t\t\t\tmargin: auto;\n\t\t\t}\n\t\t\t#gallery-2 .gallery-item {\n\t\t\t\tfloat: left;\n\t\t\t\tmargin-top: 10px;\n\t\t\t\ttext-align: center;\n\t\t\t\twidth: 33%;\n\t\t\t}\n\t\t\t#gallery-2 img {\n\t\t\t\tborder: 2px solid #cfcfcf;\n\t\t\t}\n\t\t\t#gallery-2 .gallery-caption {\n\t\t\t\tmargin-left: 0;\n\t\t\t}\n\t\t\t\/* see gallery_shortcode() in wp-includes\/media.php *\/\n\t\t<\/style>\n\t\t<div id='gallery-2' class='gallery galleryid-594 gallery-columns-3 gallery-size-thumbnail'><dl class='gallery-item'>\n\t\t\t<dt class='gallery-icon landscape'>\n\t\t\t\t<a href='https:\/\/silver.stillbild.se\/?attachment_id=960'><img loading=\"lazy\" decoding=\"async\" width=\"150\" height=\"150\" src=\"https:\/\/silver.stillbild.se\/wp-content\/uploads\/2017\/03\/ky_silvertass16_armb-150x150.jpg\" class=\"attachment-thumbnail size-thumbnail\" alt=\"\" srcset=\"https:\/\/silver.stillbild.se\/wp-content\/uploads\/2017\/03\/ky_silvertass16_armb-150x150.jpg 150w, https:\/\/silver.stillbild.se\/wp-content\/uploads\/2017\/03\/ky_silvertass16_armb-300x300.jpg 300w, https:\/\/silver.stillbild.se\/wp-content\/uploads\/2017\/03\/ky_silvertass16_armb-768x768.jpg 768w, https:\/\/silver.stillbild.se\/wp-content\/uploads\/2017\/03\/ky_silvertass16_armb-1024x1024.jpg 1024w, https:\/\/silver.stillbild.se\/wp-content\/uploads\/2017\/03\/ky_silvertass16_armb.jpg 1280w\" sizes=\"auto, (max-width: 150px) 100vw, 150px\" \/><\/a>\n\t\t\t<\/dt><\/dl><dl class='gallery-item'>\n\t\t\t<dt class='gallery-icon landscape'>\n\t\t\t\t<a href='https:\/\/silver.stillbild.se\/?attachment_id=961'><img loading=\"lazy\" decoding=\"async\" width=\"150\" height=\"150\" src=\"https:\/\/silver.stillbild.se\/wp-content\/uploads\/2017\/03\/ky_silvertass20_pend-150x150.jpg\" class=\"attachment-thumbnail size-thumbnail\" alt=\"\" srcset=\"https:\/\/silver.stillbild.se\/wp-content\/uploads\/2017\/03\/ky_silvertass20_pend-150x150.jpg 150w, https:\/\/silver.stillbild.se\/wp-content\/uploads\/2017\/03\/ky_silvertass20_pend-300x300.jpg 300w, https:\/\/silver.stillbild.se\/wp-content\/uploads\/2017\/03\/ky_silvertass20_pend-768x768.jpg 768w, https:\/\/silver.stillbild.se\/wp-content\/uploads\/2017\/03\/ky_silvertass20_pend-1024x1024.jpg 1024w, https:\/\/silver.stillbild.se\/wp-content\/uploads\/2017\/03\/ky_silvertass20_pend.jpg 1280w\" sizes=\"auto, (max-width: 150px) 100vw, 150px\" \/><\/a>\n\t\t\t<\/dt><\/dl><dl class='gallery-item'>\n\t\t\t<dt class='gallery-icon landscape'>\n\t\t\t\t<a href='https:\/\/silver.stillbild.se\/?attachment_id=963'><img loading=\"lazy\" decoding=\"async\" width=\"150\" height=\"150\" src=\"https:\/\/silver.stillbild.se\/wp-content\/uploads\/2017\/03\/ky_silvertazz16_pend-150x150.jpg\" class=\"attachment-thumbnail size-thumbnail\" alt=\"\" srcset=\"https:\/\/silver.stillbild.se\/wp-content\/uploads\/2017\/03\/ky_silvertazz16_pend-150x150.jpg 150w, https:\/\/silver.stillbild.se\/wp-content\/uploads\/2017\/03\/ky_silvertazz16_pend-300x300.jpg 300w, https:\/\/silver.stillbild.se\/wp-content\/uploads\/2017\/03\/ky_silvertazz16_pend-768x768.jpg 768w, https:\/\/silver.stillbild.se\/wp-content\/uploads\/2017\/03\/ky_silvertazz16_pend-1024x1024.jpg 1024w, https:\/\/silver.stillbild.se\/wp-content\/uploads\/2017\/03\/ky_silvertazz16_pend.jpg 1280w\" sizes=\"auto, (max-width: 150px) 100vw, 150px\" \/><\/a>\n\t\t\t<\/dt><\/dl><br style=\"clear: both\" \/><dl class='gallery-item'>\n\t\t\t<dt class='gallery-icon landscape'>\n\t\t\t\t<a href='https:\/\/silver.stillbild.se\/?attachment_id=953'><img loading=\"lazy\" decoding=\"async\" width=\"150\" height=\"150\" src=\"https:\/\/silver.stillbild.se\/wp-content\/uploads\/2017\/03\/ky_kattass_armb-150x150.jpg\" class=\"attachment-thumbnail size-thumbnail\" alt=\"\" srcset=\"https:\/\/silver.stillbild.se\/wp-content\/uploads\/2017\/03\/ky_kattass_armb-150x150.jpg 150w, https:\/\/silver.stillbild.se\/wp-content\/uploads\/2017\/03\/ky_kattass_armb-300x300.jpg 300w, https:\/\/silver.stillbild.se\/wp-content\/uploads\/2017\/03\/ky_kattass_armb-768x768.jpg 768w, https:\/\/silver.stillbild.se\/wp-content\/uploads\/2017\/03\/ky_kattass_armb-1024x1024.jpg 1024w, https:\/\/silver.stillbild.se\/wp-content\/uploads\/2017\/03\/ky_kattass_armb.jpg 1280w\" sizes=\"auto, (max-width: 150px) 100vw, 150px\" \/><\/a>\n\t\t\t<\/dt><\/dl><dl class='gallery-item'>\n\t\t\t<dt class='gallery-icon landscape'>\n\t\t\t\t<a href='https:\/\/silver.stillbild.se\/?attachment_id=955'><img loading=\"lazy\" decoding=\"async\" width=\"150\" height=\"150\" src=\"https:\/\/silver.stillbild.se\/wp-content\/uploads\/2017\/03\/ky_kattass16-150x150.jpg\" class=\"attachment-thumbnail size-thumbnail\" alt=\"\" srcset=\"https:\/\/silver.stillbild.se\/wp-content\/uploads\/2017\/03\/ky_kattass16-150x150.jpg 150w, https:\/\/silver.stillbild.se\/wp-content\/uploads\/2017\/03\/ky_kattass16-300x300.jpg 300w, https:\/\/silver.stillbild.se\/wp-content\/uploads\/2017\/03\/ky_kattass16-768x768.jpg 768w, https:\/\/silver.stillbild.se\/wp-content\/uploads\/2017\/03\/ky_kattass16-1024x1024.jpg 1024w, https:\/\/silver.stillbild.se\/wp-content\/uploads\/2017\/03\/ky_kattass16.jpg 1280w\" sizes=\"auto, (max-width: 150px) 100vw, 150px\" \/><\/a>\n\t\t\t<\/dt><\/dl><dl class='gallery-item'>\n\t\t\t<dt class='gallery-icon landscape'>\n\t\t\t\t<a href='https:\/\/silver.stillbild.se\/?attachment_id=958'><img loading=\"lazy\" decoding=\"async\" width=\"150\" height=\"150\" src=\"https:\/\/silver.stillbild.se\/wp-content\/uploads\/2017\/03\/ky_silverhoven_pend-150x150.jpg\" class=\"attachment-thumbnail size-thumbnail\" alt=\"\" srcset=\"https:\/\/silver.stillbild.se\/wp-content\/uploads\/2017\/03\/ky_silverhoven_pend-150x150.jpg 150w, https:\/\/silver.stillbild.se\/wp-content\/uploads\/2017\/03\/ky_silverhoven_pend-300x300.jpg 300w, https:\/\/silver.stillbild.se\/wp-content\/uploads\/2017\/03\/ky_silverhoven_pend-768x768.jpg 768w, https:\/\/silver.stillbild.se\/wp-content\/uploads\/2017\/03\/ky_silverhoven_pend-1024x1024.jpg 1024w, https:\/\/silver.stillbild.se\/wp-content\/uploads\/2017\/03\/ky_silverhoven_pend.jpg 1280w\" sizes=\"auto, (max-width: 150px) 100vw, 150px\" \/><\/a>\n\t\t\t<\/dt><\/dl><br style=\"clear: both\" \/>\n\t\t<\/div>\n\n<p>\u00a0<\/p>\n<h1><strong>Tassringen<\/strong><\/h1>\n<p><img loading=\"lazy\" decoding=\"async\" class=\"size-thumbnail wp-image-1050 alignnone\" src=\"https:\/\/silver.stillbild.se\/wp-content\/uploads\/2017\/11\/Foto-2017-11-20-10-42-32-150x150.jpg\" alt=\"\" width=\"150\" height=\"150\" srcset=\"https:\/\/silver.stillbild.se\/wp-content\/uploads\/2017\/11\/Foto-2017-11-20-10-42-32-150x150.jpg 150w, https:\/\/silver.stillbild.se\/wp-content\/uploads\/2017\/11\/Foto-2017-11-20-10-42-32-300x300.jpg 300w, https:\/\/silver.stillbild.se\/wp-content\/uploads\/2017\/11\/Foto-2017-11-20-10-42-32-768x768.jpg 768w, https:\/\/silver.stillbild.se\/wp-content\/uploads\/2017\/11\/Foto-2017-11-20-10-42-32-1024x1024.jpg 1024w, https:\/\/silver.stillbild.se\/wp-content\/uploads\/2017\/11\/Foto-2017-11-20-10-42-32.jpg 1601w\" sizes=\"auto, (max-width: 150px) 100vw, 150px\" \/><\/p>\n<p>Handsmidd och handgraverad ring med ett m\u00f6nsterband av tassar runt ringen. Sl\u00e4t insida med plats f\u00f6r gravyr.<\/p>\n<p>Ringen \u00e4r 9 mm bred, utformad s\u00e5 den ska vara sk\u00f6n att b\u00e4ra. Antal tassar runt ringen beror p\u00e5 storleken. F\u00f6r en ring i storlek 17 (normal dam) \u00e4r 10-11 tassar lagom.<\/p>\n<p><img loading=\"lazy\" decoding=\"async\" class=\"size-thumbnail wp-image-1251 alignleft\" src=\"https:\/\/silver.stillbild.se\/wp-content\/uploads\/2019\/03\/Foto-2019-03-09-15-14-15-150x150.jpg\" alt=\"\" width=\"150\" height=\"150\" srcset=\"https:\/\/silver.stillbild.se\/wp-content\/uploads\/2019\/03\/Foto-2019-03-09-15-14-15-150x150.jpg 150w, https:\/\/silver.stillbild.se\/wp-content\/uploads\/2019\/03\/Foto-2019-03-09-15-14-15-300x300.jpg 300w, https:\/\/silver.stillbild.se\/wp-content\/uploads\/2019\/03\/Foto-2019-03-09-15-14-15-768x768.jpg 768w, https:\/\/silver.stillbild.se\/wp-content\/uploads\/2019\/03\/Foto-2019-03-09-15-14-15.jpg 800w\" sizes=\"auto, (max-width: 150px) 100vw, 150px\" \/>Sj\u00e4lvklart g\u00f6r jag \u00e4ven Tassringen i ett blont utf\u00f6rande och f\u00f6r den som \u00f6nskar kan en tass eller flera bytas ut mot en gnistrande sten.<\/p>\n<p>Som specialbest\u00e4llning g\u00f6r jag ocks\u00e5 ringen i 18k guld, d\u00e4r priset styrs av guldets dagspris.<\/p>\n<h1>\u00a0<\/h1>\n<h1>Tass\u00f6rh\u00e4ngen<\/h1>\n<p><img loading=\"lazy\" decoding=\"async\" class=\"alignleft size-thumbnail wp-image-1523\" src=\"https:\/\/silver.stillbild.se\/wp-content\/uploads\/2020\/09\/ky_7016_studs-150x150.jpg\" alt=\"\" width=\"150\" height=\"150\" \/>Sm\u00e5tassar, sm\u00e5 handgjorda studs f\u00f6r \u00f6rsnibben. Cirka 9 mm och helt i silver 925, b\u00e5de med hund eller kattass. 690:- paret<\/p>\n<p>Som specialbest\u00e4llning \u00e4ven i guld. Priset styrs av dagspriset p\u00e5 guld.<\/p>\n<p>\u00a0<\/p>\n<p><img loading=\"lazy\" decoding=\"async\" class=\"alignleft size-thumbnail wp-image-1420\" src=\"https:\/\/silver.stillbild.se\/wp-content\/uploads\/2019\/11\/sky_3809_earrings-150x150.jpg\" alt=\"\" width=\"150\" height=\"150\" \/><\/p>\n<p>\u00d6rh\u00e4ngen monterade med krok eller stift, blonda eller oxiderade i silver 925. Helt handgjorda och handgraverade. B\u00e5de hund- och katt-tassar.<\/p>\n<p>Bredd 6 mm och l\u00e4ngd ca 20 mm ( fyra tassar ) Utf\u00f6rande i andra \u00e4delmetaller som specialbest\u00e4llning.<\/p>\n<p>F\u00f6r prisuppgift &#8211; v\u00e4lkommen med ett mejl till order@silverkari.se<\/p>\n<p>\u00a0<\/p>\n<hr \/>\n<p><strong>Kattassen<\/strong><\/p>\n<p><img loading=\"lazy\" decoding=\"async\" class=\"alignleft size-thumbnail wp-image-1239\" src=\"https:\/\/silver.stillbild.se\/wp-content\/uploads\/2019\/03\/Foto-2019-03-08-17-42-34-150x150.jpg\" alt=\"\" width=\"150\" height=\"150\" srcset=\"https:\/\/silver.stillbild.se\/wp-content\/uploads\/2019\/03\/Foto-2019-03-08-17-42-34-150x150.jpg 150w, https:\/\/silver.stillbild.se\/wp-content\/uploads\/2019\/03\/Foto-2019-03-08-17-42-34-300x300.jpg 300w, https:\/\/silver.stillbild.se\/wp-content\/uploads\/2019\/03\/Foto-2019-03-08-17-42-34-768x768.jpg 768w, https:\/\/silver.stillbild.se\/wp-content\/uploads\/2019\/03\/Foto-2019-03-08-17-42-34.jpg 800w\" sizes=\"auto, (max-width: 150px) 100vw, 150px\" \/><\/p>\n<p>Kattassen kan ocks\u00e5 f\u00e5s graverad p\u00e5 ring, precis som hundtassen. I samma utf\u00f6rande och kostnad.<\/p>\n<p>Tillkommer fraktkostnad per best\u00e4llning med 85:- Rekommenderat brev inom Sverige.<\/p>\n<p>Det finns m\u00f6jlighet till en personlig handgravyr p\u00e5 smyckets baksida eller inv\u00e4ndigt i ringen.<\/p>\n\n\n<p><\/p>\n","protected":false},"excerpt":{"rendered":"<p>&#8230;. ett smycke utformat fr\u00e5n den oskodda h\u00e4stens avtryck i sanden. Stor som en guldtia, med samma tyngdk\u00e4nsla i handen, h\u00e4ngande p\u00e5 en 45 cm l\u00e5ng kedja, allt i Sterlingsilver. S\u00e5 fick SilverHoven s\u00e4llskap av en hel liten familj SilverTassar! &hellip; <a href=\"https:\/\/silver.stillbild.se\/?page_id=594\">Continue reading <span class=\"meta-nav\">&rarr;<\/span><\/a><\/p>\n","protected":false},"author":1,"featured_media":0,"parent":0,"menu_order":0,"comment_status":"open","ping_status":"open","template":"","meta":{"footnotes":""},"class_list":["post-594","page","type-page","status-publish","hentry"],"_links":{"self":[{"href":"https:\/\/silver.stillbild.se\/index.php?rest_route=\/wp\/v2\/pages\/594","targetHints":{"allow":["GET"]}}],"collection":[{"href":"https:\/\/silver.stillbild.se\/index.php?rest_route=\/wp\/v2\/pages"}],"about":[{"href":"https:\/\/silver.stillbild.se\/index.php?rest_route=\/wp\/v2\/types\/page"}],"author":[{"embeddable":true,"href":"https:\/\/silver.stillbild.se\/index.php?rest_route=\/wp\/v2\/users\/1"}],"replies":[{"embeddable":true,"href":"https:\/\/silver.stillbild.se\/index.php?rest_route=%2Fwp%2Fv2%2Fcomments&post=594"}],"version-history":[{"count":24,"href":"https:\/\/silver.stillbild.se\/index.php?rest_route=\/wp\/v2\/pages\/594\/revisions"}],"predecessor-version":[{"id":1621,"href":"https:\/\/silver.stillbild.se\/index.php?rest_route=\/wp\/v2\/pages\/594\/revisions\/1621"}],"wp:attachment":[{"href":"https:\/\/silver.stillbild.se\/index.php?rest_route=%2Fwp%2Fv2%2Fmedia&parent=594"}],"curies":[{"name":"wp","href":"https:\/\/api.w.org\/{rel}","templated":true}]}}