{"id":679,"date":"2015-03-30T18:14:46","date_gmt":"2015-03-30T18:14:46","guid":{"rendered":"http:\/\/silver.stillbild.se\/?page_id=679"},"modified":"2023-04-13T05:50:08","modified_gmt":"2023-04-13T05:50:08","slug":"boxer","status":"publish","type":"page","link":"https:\/\/silver.stillbild.se\/?page_id=679","title":{"rendered":"Boxer"},"content":{"rendered":"<p><strong>Siffran i namnet<\/strong> anger h\u00f6jden p\u00e5 h\u00e4nget. Alla mina smycken \u00e4r gjorda i Sterlingsilver helt fritt fr\u00e5n nickel. Det finns m\u00f6jlighet att byta ut silverkrokarna till titankrokar, b\u00e5da alternativen handgjorda.<br \/>\n<strong>F\u00f6r att g\u00f6ra en best\u00e4llning<\/strong>, v\u00e4lkommen med ett mejl till <a href=\"mailto:order@silverkari.se\">order@silverkari.se <\/a><br \/>\nAlla mina best\u00e4llningar skickas som Rek till en kostnad av 85:- (till annat land 145:- )<\/p>\n<p><strong><img loading=\"lazy\" decoding=\"async\" class=\"alignleft size-medium wp-image-688\" src=\"https:\/\/silver.stillbild.se\/wp-content\/uploads\/2015\/03\/Foto-2015-04-07-08-00-31-300x300.jpg\" alt=\"\" width=\"300\" height=\"300\" srcset=\"https:\/\/silver.stillbild.se\/wp-content\/uploads\/2015\/03\/Foto-2015-04-07-08-00-31-300x300.jpg 300w, https:\/\/silver.stillbild.se\/wp-content\/uploads\/2015\/03\/Foto-2015-04-07-08-00-31-150x150.jpg 150w, https:\/\/silver.stillbild.se\/wp-content\/uploads\/2015\/03\/Foto-2015-04-07-08-00-31.jpg 570w\" sizes=\"auto, (max-width: 300px) 100vw, 300px\" \/>H\u00e4ngsmycke<\/strong><\/p>\n<p><strong>Boxer25<\/strong>, komplett med kedja 45cm<\/p>\n<p><strong>H\u00e4ngsmycke<\/strong><a href=\"https:\/\/silver.stillbild.se\/wp-content\/uploads\/2015\/03\/Foto-2015-05-21-09-19-35-1.jpg\"><img loading=\"lazy\" decoding=\"async\" class=\"alignleft size-medium wp-image-700\" src=\"https:\/\/silver.stillbild.se\/wp-content\/uploads\/2015\/03\/Foto-2015-05-21-09-19-35-1-300x300.jpg\" alt=\"Foto 2015-05-21 09 19 35 (1)\" width=\"300\" height=\"300\" srcset=\"https:\/\/silver.stillbild.se\/wp-content\/uploads\/2015\/03\/Foto-2015-05-21-09-19-35-1-300x300.jpg 300w, https:\/\/silver.stillbild.se\/wp-content\/uploads\/2015\/03\/Foto-2015-05-21-09-19-35-1-150x150.jpg 150w, https:\/\/silver.stillbild.se\/wp-content\/uploads\/2015\/03\/Foto-2015-05-21-09-19-35-1.jpg 570w\" sizes=\"auto, (max-width: 300px) 100vw, 300px\" \/><\/a><\/p>\n<p><strong>Boxer18<\/strong>, komplett med kedja 42 eller 45 cm.<\/p>\n<p><a href=\"https:\/\/silver.stillbild.se\/wp-content\/uploads\/2015\/03\/Foto-2015-05-21-09-16-06.jpg\"><img loading=\"lazy\" decoding=\"async\" class=\"alignleft size-medium wp-image-699\" src=\"https:\/\/silver.stillbild.se\/wp-content\/uploads\/2015\/03\/Foto-2015-05-21-09-16-06-300x300.jpg\" alt=\"Foto 2015-05-21 09 16 06\" width=\"300\" height=\"300\" srcset=\"https:\/\/silver.stillbild.se\/wp-content\/uploads\/2015\/03\/Foto-2015-05-21-09-16-06-300x300.jpg 300w, https:\/\/silver.stillbild.se\/wp-content\/uploads\/2015\/03\/Foto-2015-05-21-09-16-06-150x150.jpg 150w, https:\/\/silver.stillbild.se\/wp-content\/uploads\/2015\/03\/Foto-2015-05-21-09-16-06.jpg 570w\" sizes=\"auto, (max-width: 300px) 100vw, 300px\" \/><\/a>\u00d6rh\u00e4ngen<\/p>\n<p>Boxer18, med handgjord krok i silver eller titan.<\/p>\n","protected":false},"excerpt":{"rendered":"<p>Siffran i namnet anger h\u00f6jden p\u00e5 h\u00e4nget. Alla mina smycken \u00e4r gjorda i Sterlingsilver helt fritt fr\u00e5n nickel. Det finns m\u00f6jlighet att byta ut silverkrokarna till titankrokar, b\u00e5da alternativen handgjorda. F\u00f6r att g\u00f6ra en best\u00e4llning, v\u00e4lkommen med ett mejl till &hellip; <a href=\"https:\/\/silver.stillbild.se\/?page_id=679\">Continue reading <span class=\"meta-nav\">&rarr;<\/span><\/a><\/p>\n","protected":false},"author":1,"featured_media":0,"parent":357,"menu_order":0,"comment_status":"open","ping_status":"open","template":"","meta":{"footnotes":""},"class_list":["post-679","page","type-page","status-publish","hentry"],"_links":{"self":[{"href":"https:\/\/silver.stillbild.se\/index.php?rest_route=\/wp\/v2\/pages\/679","targetHints":{"allow":["GET"]}}],"collection":[{"href":"https:\/\/silver.stillbild.se\/index.php?rest_route=\/wp\/v2\/pages"}],"about":[{"href":"https:\/\/silver.stillbild.se\/index.php?rest_route=\/wp\/v2\/types\/page"}],"author":[{"embeddable":true,"href":"https:\/\/silver.stillbild.se\/index.php?rest_route=\/wp\/v2\/users\/1"}],"replies":[{"embeddable":true,"href":"https:\/\/silver.stillbild.se\/index.php?rest_route=%2Fwp%2Fv2%2Fcomments&post=679"}],"version-history":[{"count":6,"href":"https:\/\/silver.stillbild.se\/index.php?rest_route=\/wp\/v2\/pages\/679\/revisions"}],"predecessor-version":[{"id":1651,"href":"https:\/\/silver.stillbild.se\/index.php?rest_route=\/wp\/v2\/pages\/679\/revisions\/1651"}],"up":[{"embeddable":true,"href":"https:\/\/silver.stillbild.se\/index.php?rest_route=\/wp\/v2\/pages\/357"}],"wp:attachment":[{"href":"https:\/\/silver.stillbild.se\/index.php?rest_route=%2Fwp%2Fv2%2Fmedia&parent=679"}],"curies":[{"name":"wp","href":"https:\/\/api.w.org\/{rel}","templated":true}]}}