{"id":740,"date":"2015-07-30T08:05:03","date_gmt":"2015-07-30T08:05:03","guid":{"rendered":"http:\/\/silver.stillbild.se\/?page_id=740"},"modified":"2023-04-13T05:51:40","modified_gmt":"2023-04-13T05:51:40","slug":"fransk-bulldog","status":"publish","type":"page","link":"https:\/\/silver.stillbild.se\/?page_id=740","title":{"rendered":"Fransk Bulldog"},"content":{"rendered":"<p><strong>Siffran i namnet<\/strong> anger h\u00f6jden p\u00e5 h\u00e4nget. Alla mina smycken \u00e4r gjorda i Sterlingsilver helt fritt fr\u00e5n nickel. Det finns m\u00f6jlighet att byta ut silverkrokarna till titankrokar, b\u00e5da alternativen handgjorda.<br \/>\n<strong>F\u00f6r att g\u00f6ra en best\u00e4llning<\/strong>, v\u00e4lkommen med ett mejl till <a href=\"mailto:order@silverkari.se\">order@silverkari.se <\/a><br \/>\nAlla mina best\u00e4llningar skickas som Rek till en kostnad av 85:- (till annat land 145:- )<\/p>\n<p><strong><img loading=\"lazy\" decoding=\"async\" class=\"alignleft size-medium wp-image-741\" src=\"https:\/\/silver.stillbild.se\/wp-content\/uploads\/2015\/07\/Foto-2015-07-29-19-45-46-300x300.jpg\" alt=\"\" width=\"300\" height=\"300\" srcset=\"https:\/\/silver.stillbild.se\/wp-content\/uploads\/2015\/07\/Foto-2015-07-29-19-45-46-300x300.jpg 300w, https:\/\/silver.stillbild.se\/wp-content\/uploads\/2015\/07\/Foto-2015-07-29-19-45-46-150x150.jpg 150w, https:\/\/silver.stillbild.se\/wp-content\/uploads\/2015\/07\/Foto-2015-07-29-19-45-46.jpg 570w\" sizes=\"auto, (max-width: 300px) 100vw, 300px\" \/>H\u00e4ngsmycke<\/strong><\/p>\n<p><strong>Fransk Bulldog24<\/strong>, komplett med kedja 45 cm, silver 925<\/p>\n<p><a href=\"https:\/\/silver.stillbild.se\/wp-content\/uploads\/2015\/07\/Foto-2015-07-29-19-51-28.jpg\"><img loading=\"lazy\" decoding=\"async\" class=\"alignleft size-medium wp-image-742\" src=\"https:\/\/silver.stillbild.se\/wp-content\/uploads\/2015\/07\/Foto-2015-07-29-19-51-28-300x300.jpg\" alt=\"Foto 2015-07-29 19 51 28\" width=\"300\" height=\"300\" srcset=\"https:\/\/silver.stillbild.se\/wp-content\/uploads\/2015\/07\/Foto-2015-07-29-19-51-28-300x300.jpg 300w, https:\/\/silver.stillbild.se\/wp-content\/uploads\/2015\/07\/Foto-2015-07-29-19-51-28-150x150.jpg 150w, https:\/\/silver.stillbild.se\/wp-content\/uploads\/2015\/07\/Foto-2015-07-29-19-51-28.jpg 570w\" sizes=\"auto, (max-width: 300px) 100vw, 300px\" \/><\/a><strong>H\u00e4ngsmycke<\/strong><\/p>\n<p><strong>Fransk Bulldog18<\/strong>, komplett med kedja 42 eller 45 cm, silver 925<\/p>\n<p><a href=\"https:\/\/silver.stillbild.se\/wp-content\/uploads\/2015\/07\/Foto-2015-07-29-19-53-12.jpg\"><img loading=\"lazy\" decoding=\"async\" class=\"alignleft size-medium wp-image-743\" src=\"https:\/\/silver.stillbild.se\/wp-content\/uploads\/2015\/07\/Foto-2015-07-29-19-53-12-300x300.jpg\" alt=\"Foto 2015-07-29 19 53 12\" width=\"300\" height=\"300\" srcset=\"https:\/\/silver.stillbild.se\/wp-content\/uploads\/2015\/07\/Foto-2015-07-29-19-53-12-300x300.jpg 300w, https:\/\/silver.stillbild.se\/wp-content\/uploads\/2015\/07\/Foto-2015-07-29-19-53-12-150x150.jpg 150w, https:\/\/silver.stillbild.se\/wp-content\/uploads\/2015\/07\/Foto-2015-07-29-19-53-12.jpg 570w\" sizes=\"auto, (max-width: 300px) 100vw, 300px\" \/><\/a><strong>\u00d6rh\u00e4ngen<\/strong><\/p>\n<p><strong>Fransk Bulldog18<\/strong>, med handgjorda krokar i silver eller titan.<\/p>\n<p><a href=\"https:\/\/silver.stillbild.se\/wp-content\/uploads\/2014\/04\/Foto-2014-08-13-10-03-08.jpg\"><img loading=\"lazy\" decoding=\"async\" class=\"alignleft size-medium wp-image-569\" src=\"https:\/\/silver.stillbild.se\/wp-content\/uploads\/2014\/04\/Foto-2014-08-13-10-03-08-300x300.jpg\" alt=\"Handmade wire in silver and titanium\" width=\"300\" height=\"300\" srcset=\"https:\/\/silver.stillbild.se\/wp-content\/uploads\/2014\/04\/Foto-2014-08-13-10-03-08-300x300.jpg 300w, https:\/\/silver.stillbild.se\/wp-content\/uploads\/2014\/04\/Foto-2014-08-13-10-03-08-150x150.jpg 150w, https:\/\/silver.stillbild.se\/wp-content\/uploads\/2014\/04\/Foto-2014-08-13-10-03-08.jpg 570w\" sizes=\"auto, (max-width: 300px) 100vw, 300px\" \/><\/a><\/p>\n","protected":false},"excerpt":{"rendered":"<p>Siffran i namnet anger h\u00f6jden p\u00e5 h\u00e4nget. Alla mina smycken \u00e4r gjorda i Sterlingsilver helt fritt fr\u00e5n nickel. Det finns m\u00f6jlighet att byta ut silverkrokarna till titankrokar, b\u00e5da alternativen handgjorda. F\u00f6r att g\u00f6ra en best\u00e4llning, v\u00e4lkommen med ett mejl till &hellip; <a href=\"https:\/\/silver.stillbild.se\/?page_id=740\">Continue reading <span class=\"meta-nav\">&rarr;<\/span><\/a><\/p>\n","protected":false},"author":1,"featured_media":0,"parent":357,"menu_order":0,"comment_status":"open","ping_status":"open","template":"","meta":{"footnotes":""},"class_list":["post-740","page","type-page","status-publish","hentry"],"_links":{"self":[{"href":"https:\/\/silver.stillbild.se\/index.php?rest_route=\/wp\/v2\/pages\/740","targetHints":{"allow":["GET"]}}],"collection":[{"href":"https:\/\/silver.stillbild.se\/index.php?rest_route=\/wp\/v2\/pages"}],"about":[{"href":"https:\/\/silver.stillbild.se\/index.php?rest_route=\/wp\/v2\/types\/page"}],"author":[{"embeddable":true,"href":"https:\/\/silver.stillbild.se\/index.php?rest_route=\/wp\/v2\/users\/1"}],"replies":[{"embeddable":true,"href":"https:\/\/silver.stillbild.se\/index.php?rest_route=%2Fwp%2Fv2%2Fcomments&post=740"}],"version-history":[{"count":3,"href":"https:\/\/silver.stillbild.se\/index.php?rest_route=\/wp\/v2\/pages\/740\/revisions"}],"predecessor-version":[{"id":1654,"href":"https:\/\/silver.stillbild.se\/index.php?rest_route=\/wp\/v2\/pages\/740\/revisions\/1654"}],"up":[{"embeddable":true,"href":"https:\/\/silver.stillbild.se\/index.php?rest_route=\/wp\/v2\/pages\/357"}],"wp:attachment":[{"href":"https:\/\/silver.stillbild.se\/index.php?rest_route=%2Fwp%2Fv2%2Fmedia&parent=740"}],"curies":[{"name":"wp","href":"https:\/\/api.w.org\/{rel}","templated":true}]}}