{"id":767,"date":"2015-10-12T17:52:45","date_gmt":"2015-10-12T17:52:45","guid":{"rendered":"http:\/\/silver.stillbild.se\/?page_id=767"},"modified":"2018-11-20T07:23:22","modified_gmt":"2018-11-20T07:23:22","slug":"shop","status":"publish","type":"page","link":"https:\/\/silver.stillbild.se\/?page_id=767","title":{"rendered":"Shop"},"content":{"rendered":"<p><a href=\"https:\/\/silver.stillbild.se\/wp-content\/uploads\/2015\/10\/ky_3425_bc.jpg\"><img loading=\"lazy\" decoding=\"async\" class=\"aligncenter wp-image-769 size-full\" src=\"https:\/\/silver.stillbild.se\/wp-content\/uploads\/2015\/10\/ky_3425_bc.jpg\" alt=\"ky_3425_bc\" width=\"791\" height=\"447\" srcset=\"https:\/\/silver.stillbild.se\/wp-content\/uploads\/2015\/10\/ky_3425_bc.jpg 791w, https:\/\/silver.stillbild.se\/wp-content\/uploads\/2015\/10\/ky_3425_bc-300x170.jpg 300w, https:\/\/silver.stillbild.se\/wp-content\/uploads\/2015\/10\/ky_3425_bc-500x283.jpg 500w\" sizes=\"auto, (max-width: 791px) 100vw, 791px\" \/><\/a><\/p>\n<p><strong>Vill du g\u00f6ra en best\u00e4llning?<\/strong><\/p>\n<p>V\u00e4lkommen att titta in under fliken &#8220;<strong>Silverflocken<\/strong>&#8221;\u00a0 D\u00e4r hittar du de som ing\u00e5r i min flock just nu, priser och lite information.<\/p>\n<p>Under fliken &#8220;Tassr och Hovar&#8221; hittar du min smycken med avtryck, priser och information.<\/p>\n<p>Det tillkommer en fraktkostnad, Rekommenderat brev, med 85:- inom Sverige och 145:- till annat land.<\/p>\n<p>N\u00e4r du hittat det du s\u00f6ker, skicka ett mejl till mig p\u00e5 <em><strong><a href=\"mailto:order@silverkari.se\">order@silverkari.se<\/a><\/strong><\/em> och g\u00f6r din best\u00e4llning.<\/p>\n<p>Du kan \u00e4ven bes\u00f6ka min webshop p\u00e5 <em><strong><a href=\"http:\/\/silverkari.etsy.com\" target=\"_blank\" rel=\"noopener\">www.silverkari.etsy.com<\/a><\/strong><\/em> och g\u00f6ra din best\u00e4llning d\u00e4r.<\/p>\n<p>Har du n\u00e5gra fr\u00e5gor och funderingar, v\u00e4lkommen med ett mejl till mig.<\/p>\n<p>H\u00e4lsningar<\/p>\n<p>Karin, Silver Kari<\/p>\n","protected":false},"excerpt":{"rendered":"<p>Vill du g\u00f6ra en best\u00e4llning? V\u00e4lkommen att titta in under fliken &#8220;Silverflocken&#8221;\u00a0 D\u00e4r hittar du de som ing\u00e5r i min flock just nu, priser och lite information. Under fliken &#8220;Tassr och Hovar&#8221; hittar du min smycken med avtryck, priser och &hellip; <a href=\"https:\/\/silver.stillbild.se\/?page_id=767\">Continue reading <span class=\"meta-nav\">&rarr;<\/span><\/a><\/p>\n","protected":false},"author":1,"featured_media":0,"parent":0,"menu_order":0,"comment_status":"open","ping_status":"open","template":"","meta":{"footnotes":""},"class_list":["post-767","page","type-page","status-publish","hentry"],"_links":{"self":[{"href":"https:\/\/silver.stillbild.se\/index.php?rest_route=\/wp\/v2\/pages\/767","targetHints":{"allow":["GET"]}}],"collection":[{"href":"https:\/\/silver.stillbild.se\/index.php?rest_route=\/wp\/v2\/pages"}],"about":[{"href":"https:\/\/silver.stillbild.se\/index.php?rest_route=\/wp\/v2\/types\/page"}],"author":[{"embeddable":true,"href":"https:\/\/silver.stillbild.se\/index.php?rest_route=\/wp\/v2\/users\/1"}],"replies":[{"embeddable":true,"href":"https:\/\/silver.stillbild.se\/index.php?rest_route=%2Fwp%2Fv2%2Fcomments&post=767"}],"version-history":[{"count":5,"href":"https:\/\/silver.stillbild.se\/index.php?rest_route=\/wp\/v2\/pages\/767\/revisions"}],"predecessor-version":[{"id":1083,"href":"https:\/\/silver.stillbild.se\/index.php?rest_route=\/wp\/v2\/pages\/767\/revisions\/1083"}],"wp:attachment":[{"href":"https:\/\/silver.stillbild.se\/index.php?rest_route=%2Fwp%2Fv2%2Fmedia&parent=767"}],"curies":[{"name":"wp","href":"https:\/\/api.w.org\/{rel}","templated":true}]}}